{"id":36,"date":"2021-04-19T08:40:31","date_gmt":"2021-04-19T06:40:31","guid":{"rendered":"https:\/\/terapia.promedica.elk.pl\/?page_id=36"},"modified":"2025-07-22T14:55:04","modified_gmt":"2025-07-22T12:55:04","slug":"oferta","status":"publish","type":"page","link":"https:\/\/terapia.promedica.elk.pl\/?page_id=36","title":{"rendered":"Oferta"},"content":{"rendered":"\n<p>Praca Centrum jest oparta na pracy \u015brodowiskowej \u2013 przede wszystkim wsp\u00f3\u0142pracy z rodzin\u0105 pacjenta oraz jego \u015brodowiskiem szkolnym.<\/p>\n\n\n\n<p>W ramach pomocy oferowanej w Centrum mo\u017cna skorzysta\u0107 z nast\u0119puj\u0105cych \u015bwiadcze\u0144:<\/p>\n\n\n\n<ol class=\"wp-block-list\">\n<li>porada psychologiczna<\/li>\n\n\n\n<li>sesja psychoterapii indywidualnej<\/li>\n\n\n\n<li>sesja psychoterapii rodzinnej<\/li>\n\n\n\n<li>sesja psychoterapii grupowej<\/li>\n\n\n\n<li>sesja wsparcia psychospo\u0142ecznego<\/li>\n\n\n\n<li>wizyta, porada domowa lub \u015brodowiskowa<\/li>\n<\/ol>\n\n\n\n<p>E\u0142ckie Centrum Psychoterapii i Psychiatrii I stopnia referencyjnego stanowi pierwszy poziom pomocy, kt\u00f3rego dotychczas brakowa\u0142o. Drugi poziom opieki to poradnie, w kt\u00f3rych jest dost\u0119pna pomoc psychiatryczna, oparty o istniej\u0105ce ju\u017c poradnie w ramach ambulatoryjnej opieki zdrowotnej (AOS). Z kolei trzeci poziom to oddzia\u0142y i szpitale psychiatryczne dla dzieci. Chodzi o to, aby pomoc by\u0142a udzielona na jak najwcze\u015bniejszym etapie i by mo\u017cna by\u0142o zapobiec zaostrzeniom i ograniczy\u0107 leczenie w oddzia\u0142ach i szpitalach psychiatrycznych.<\/p>\n\n\n\n<p><strong>Udzielamy pomocy w sytuacjach kryzysowych:<\/strong><\/p>\n\n\n\n<ol class=\"wp-block-list\">\n<li>problemy emocjonalne i trudno\u015bci w zrozumieniu swoich potrzeb, emocji, zachowa\u0144<\/li>\n\n\n\n<li>trudno\u015bci w porozumieniu si\u0119 z dzieckiem<\/li>\n\n\n\n<li>niepokoj\u0105ce zmiany w zachowaniu dziecka<\/li>\n\n\n\n<li>problemy wieku dorastania<\/li>\n\n\n\n<li>problemy w komunikacji z rodze\u0144stwem, rodzicami, nauczycielami<\/li>\n\n\n\n<li>trudno\u015bci wychowawcze<\/li>\n\n\n\n<li>zaburzenia zachowania, l\u0119kowe, depresyjne, adaptacyjne, psychosomatyczne<\/li>\n\n\n\n<li>stres szkolny (odczuwanie l\u0119ku wynikaj\u0105cego np. z ilo\u015bci materia\u0142\u00f3w otrzymywanych do nauki zdalnej, niepewno\u015bci zwi\u0105zanej z egzaminami)<\/li>\n\n\n\n<li>trudno\u015bci w kontaktach z r\u00f3wie\u015bnikami<\/li>\n\n\n\n<li>ofiary przemocy domowej<\/li>\n<\/ol>\n\n\n\n<p><strong>Udzielamy <\/strong><strong>\u015bwiadcze\u0144 zdrowotnych<\/strong><strong> w \u015bcis\u0142ej wsp\u00f3\u0142pracy z rodzicami <\/strong><strong>lub<\/strong><strong> opiekunami <\/strong><strong>prawnymi<\/strong><strong>.<\/strong><\/p>\n\n\n\n<figure class=\"wp-block-image size-large\"><img loading=\"lazy\" decoding=\"async\" width=\"625\" height=\"414\" src=\"https:\/\/terapia.promedica.elk.pl\/wp-content\/uploads\/2021\/04\/grafika11.jpg\" alt=\"\" class=\"wp-image-142\" srcset=\"https:\/\/terapia.promedica.elk.pl\/wp-content\/uploads\/2021\/04\/grafika11.jpg 625w, https:\/\/terapia.promedica.elk.pl\/wp-content\/uploads\/2021\/04\/grafika11-300x199.jpg 300w\" sizes=\"auto, (max-width: 625px) 100vw, 625px\" \/><\/figure>\n","protected":false},"excerpt":{"rendered":"<p>Praca Centrum jest oparta na pracy \u015brodowiskowej \u2013 przede wszystkim wsp\u00f3\u0142pracy z rodzin\u0105 pacjenta oraz jego \u015brodowiskiem szkolnym. W ramach pomocy oferowanej w Centrum mo\u017cna skorzysta\u0107 z nast\u0119puj\u0105cych \u015bwiadcze\u0144: E\u0142ckie Centrum Psychoterapii i Psychiatrii I stopnia referencyjnego stanowi pierwszy poziom pomocy, kt\u00f3rego dotychczas brakowa\u0142o. Drugi poziom opieki to poradnie, w kt\u00f3rych jest dost\u0119pna pomoc psychiatryczna,&hellip;<\/p>\n<p class=\"more-link\"><a href=\"https:\/\/terapia.promedica.elk.pl\/?page_id=36\" class=\"themebutton2\">Read More<\/a><\/p>\n","protected":false},"author":1,"featured_media":0,"parent":0,"menu_order":0,"comment_status":"closed","ping_status":"closed","template":"","meta":{"footnotes":""},"class_list":["post-36","page","type-page","status-publish","hentry"],"yoast_head":"<!-- This site is optimized with the Yoast SEO plugin v27.4 - https:\/\/yoast.com\/product\/yoast-seo-wordpress\/ -->\n<title>Oferta - E\u0142ckie Centrum Psychoterapii i Psychiatrii<\/title>\n<meta name=\"robots\" content=\"index, follow, max-snippet:-1, max-image-preview:large, max-video-preview:-1\" \/>\n<link rel=\"canonical\" href=\"https:\/\/terapia.promedica.elk.pl\/?page_id=36\" \/>\n<meta property=\"og:locale\" content=\"pl_PL\" \/>\n<meta property=\"og:type\" content=\"article\" \/>\n<meta property=\"og:title\" content=\"Oferta - E\u0142ckie Centrum Psychoterapii i Psychiatrii\" \/>\n<meta property=\"og:description\" content=\"Praca Centrum jest oparta na pracy \u015brodowiskowej \u2013 przede wszystkim wsp\u00f3\u0142pracy z rodzin\u0105 pacjenta oraz jego \u015brodowiskiem szkolnym. W ramach pomocy oferowanej w Centrum mo\u017cna skorzysta\u0107 z nast\u0119puj\u0105cych \u015bwiadcze\u0144: E\u0142ckie Centrum Psychoterapii i Psychiatrii I stopnia referencyjnego stanowi pierwszy poziom pomocy, kt\u00f3rego dotychczas brakowa\u0142o. Drugi poziom opieki to poradnie, w kt\u00f3rych jest dost\u0119pna pomoc psychiatryczna,&hellip;Read More\" \/>\n<meta property=\"og:url\" content=\"https:\/\/terapia.promedica.elk.pl\/?page_id=36\" \/>\n<meta property=\"og:site_name\" content=\"E\u0142ckie Centrum Psychoterapii i Psychiatrii\" \/>\n<meta property=\"article:modified_time\" content=\"2025-07-22T12:55:04+00:00\" \/>\n<meta property=\"og:image\" content=\"https:\/\/terapia.promedica.elk.pl\/wp-content\/uploads\/2021\/04\/grafika11.jpg\" \/>\n\t<meta property=\"og:image:width\" content=\"625\" \/>\n\t<meta property=\"og:image:height\" content=\"414\" \/>\n\t<meta property=\"og:image:type\" content=\"image\/jpeg\" \/>\n<meta name=\"twitter:card\" content=\"summary_large_image\" \/>\n<meta name=\"twitter:label1\" content=\"Szacowany czas czytania\" \/>\n\t<meta name=\"twitter:data1\" content=\"2 minuty\" \/>\n<script type=\"application\/ld+json\" class=\"yoast-schema-graph\">{\"@context\":\"https:\\\/\\\/schema.org\",\"@graph\":[{\"@type\":\"WebPage\",\"@id\":\"https:\\\/\\\/terapia.promedica.elk.pl\\\/?page_id=36\",\"url\":\"https:\\\/\\\/terapia.promedica.elk.pl\\\/?page_id=36\",\"name\":\"Oferta - E\u0142ckie Centrum Psychoterapii i Psychiatrii\",\"isPartOf\":{\"@id\":\"https:\\\/\\\/terapia.promedica.elk.pl\\\/#website\"},\"primaryImageOfPage\":{\"@id\":\"https:\\\/\\\/terapia.promedica.elk.pl\\\/?page_id=36#primaryimage\"},\"image\":{\"@id\":\"https:\\\/\\\/terapia.promedica.elk.pl\\\/?page_id=36#primaryimage\"},\"thumbnailUrl\":\"https:\\\/\\\/terapia.promedica.elk.pl\\\/wp-content\\\/uploads\\\/2021\\\/04\\\/grafika11.jpg\",\"datePublished\":\"2021-04-19T06:40:31+00:00\",\"dateModified\":\"2025-07-22T12:55:04+00:00\",\"breadcrumb\":{\"@id\":\"https:\\\/\\\/terapia.promedica.elk.pl\\\/?page_id=36#breadcrumb\"},\"inLanguage\":\"pl-PL\",\"potentialAction\":[{\"@type\":\"ReadAction\",\"target\":[\"https:\\\/\\\/terapia.promedica.elk.pl\\\/?page_id=36\"]}]},{\"@type\":\"ImageObject\",\"inLanguage\":\"pl-PL\",\"@id\":\"https:\\\/\\\/terapia.promedica.elk.pl\\\/?page_id=36#primaryimage\",\"url\":\"https:\\\/\\\/terapia.promedica.elk.pl\\\/wp-content\\\/uploads\\\/2021\\\/04\\\/grafika11.jpg\",\"contentUrl\":\"https:\\\/\\\/terapia.promedica.elk.pl\\\/wp-content\\\/uploads\\\/2021\\\/04\\\/grafika11.jpg\",\"width\":625,\"height\":414},{\"@type\":\"BreadcrumbList\",\"@id\":\"https:\\\/\\\/terapia.promedica.elk.pl\\\/?page_id=36#breadcrumb\",\"itemListElement\":[{\"@type\":\"ListItem\",\"position\":1,\"name\":\"Strona g\u0142\u00f3wna\",\"item\":\"https:\\\/\\\/terapia.promedica.elk.pl\\\/\"},{\"@type\":\"ListItem\",\"position\":2,\"name\":\"Oferta\"}]},{\"@type\":\"WebSite\",\"@id\":\"https:\\\/\\\/terapia.promedica.elk.pl\\\/#website\",\"url\":\"https:\\\/\\\/terapia.promedica.elk.pl\\\/\",\"name\":\"E\u0142ckie Centrum Psychoterapii i Psychiatrii\",\"description\":\"Poradnia psychologiczna dla dzieci i m\u0142odzie\u017cy E\u0142k\",\"publisher\":{\"@id\":\"https:\\\/\\\/terapia.promedica.elk.pl\\\/#organization\"},\"potentialAction\":[{\"@type\":\"SearchAction\",\"target\":{\"@type\":\"EntryPoint\",\"urlTemplate\":\"https:\\\/\\\/terapia.promedica.elk.pl\\\/?s={search_term_string}\"},\"query-input\":{\"@type\":\"PropertyValueSpecification\",\"valueRequired\":true,\"valueName\":\"search_term_string\"}}],\"inLanguage\":\"pl-PL\"},{\"@type\":\"Organization\",\"@id\":\"https:\\\/\\\/terapia.promedica.elk.pl\\\/#organization\",\"name\":\"E\u0142ckie Centrum Psychoterapii i Psychiatrii\",\"url\":\"https:\\\/\\\/terapia.promedica.elk.pl\\\/\",\"logo\":{\"@type\":\"ImageObject\",\"inLanguage\":\"pl-PL\",\"@id\":\"https:\\\/\\\/terapia.promedica.elk.pl\\\/#\\\/schema\\\/logo\\\/image\\\/\",\"url\":\"https:\\\/\\\/terapia.promedica.elk.pl\\\/wp-content\\\/uploads\\\/2021\\\/04\\\/cropped-cropped-logo_pro_nfz.jpg\",\"contentUrl\":\"https:\\\/\\\/terapia.promedica.elk.pl\\\/wp-content\\\/uploads\\\/2021\\\/04\\\/cropped-cropped-logo_pro_nfz.jpg\",\"width\":374,\"height\":108,\"caption\":\"E\u0142ckie Centrum Psychoterapii i Psychiatrii\"},\"image\":{\"@id\":\"https:\\\/\\\/terapia.promedica.elk.pl\\\/#\\\/schema\\\/logo\\\/image\\\/\"}}]}<\/script>\n<!-- \/ Yoast SEO plugin. -->","yoast_head_json":{"title":"Oferta - E\u0142ckie Centrum Psychoterapii i Psychiatrii","robots":{"index":"index","follow":"follow","max-snippet":"max-snippet:-1","max-image-preview":"max-image-preview:large","max-video-preview":"max-video-preview:-1"},"canonical":"https:\/\/terapia.promedica.elk.pl\/?page_id=36","og_locale":"pl_PL","og_type":"article","og_title":"Oferta - E\u0142ckie Centrum Psychoterapii i Psychiatrii","og_description":"Praca Centrum jest oparta na pracy \u015brodowiskowej \u2013 przede wszystkim wsp\u00f3\u0142pracy z rodzin\u0105 pacjenta oraz jego \u015brodowiskiem szkolnym. W ramach pomocy oferowanej w Centrum mo\u017cna skorzysta\u0107 z nast\u0119puj\u0105cych \u015bwiadcze\u0144: E\u0142ckie Centrum Psychoterapii i Psychiatrii I stopnia referencyjnego stanowi pierwszy poziom pomocy, kt\u00f3rego dotychczas brakowa\u0142o. Drugi poziom opieki to poradnie, w kt\u00f3rych jest dost\u0119pna pomoc psychiatryczna,&hellip;Read More","og_url":"https:\/\/terapia.promedica.elk.pl\/?page_id=36","og_site_name":"E\u0142ckie Centrum Psychoterapii i Psychiatrii","article_modified_time":"2025-07-22T12:55:04+00:00","og_image":[{"width":625,"height":414,"url":"https:\/\/terapia.promedica.elk.pl\/wp-content\/uploads\/2021\/04\/grafika11.jpg","type":"image\/jpeg"}],"twitter_card":"summary_large_image","twitter_misc":{"Szacowany czas czytania":"2 minuty"},"schema":{"@context":"https:\/\/schema.org","@graph":[{"@type":"WebPage","@id":"https:\/\/terapia.promedica.elk.pl\/?page_id=36","url":"https:\/\/terapia.promedica.elk.pl\/?page_id=36","name":"Oferta - E\u0142ckie Centrum Psychoterapii i Psychiatrii","isPartOf":{"@id":"https:\/\/terapia.promedica.elk.pl\/#website"},"primaryImageOfPage":{"@id":"https:\/\/terapia.promedica.elk.pl\/?page_id=36#primaryimage"},"image":{"@id":"https:\/\/terapia.promedica.elk.pl\/?page_id=36#primaryimage"},"thumbnailUrl":"https:\/\/terapia.promedica.elk.pl\/wp-content\/uploads\/2021\/04\/grafika11.jpg","datePublished":"2021-04-19T06:40:31+00:00","dateModified":"2025-07-22T12:55:04+00:00","breadcrumb":{"@id":"https:\/\/terapia.promedica.elk.pl\/?page_id=36#breadcrumb"},"inLanguage":"pl-PL","potentialAction":[{"@type":"ReadAction","target":["https:\/\/terapia.promedica.elk.pl\/?page_id=36"]}]},{"@type":"ImageObject","inLanguage":"pl-PL","@id":"https:\/\/terapia.promedica.elk.pl\/?page_id=36#primaryimage","url":"https:\/\/terapia.promedica.elk.pl\/wp-content\/uploads\/2021\/04\/grafika11.jpg","contentUrl":"https:\/\/terapia.promedica.elk.pl\/wp-content\/uploads\/2021\/04\/grafika11.jpg","width":625,"height":414},{"@type":"BreadcrumbList","@id":"https:\/\/terapia.promedica.elk.pl\/?page_id=36#breadcrumb","itemListElement":[{"@type":"ListItem","position":1,"name":"Strona g\u0142\u00f3wna","item":"https:\/\/terapia.promedica.elk.pl\/"},{"@type":"ListItem","position":2,"name":"Oferta"}]},{"@type":"WebSite","@id":"https:\/\/terapia.promedica.elk.pl\/#website","url":"https:\/\/terapia.promedica.elk.pl\/","name":"E\u0142ckie Centrum Psychoterapii i Psychiatrii","description":"Poradnia psychologiczna dla dzieci i m\u0142odzie\u017cy E\u0142k","publisher":{"@id":"https:\/\/terapia.promedica.elk.pl\/#organization"},"potentialAction":[{"@type":"SearchAction","target":{"@type":"EntryPoint","urlTemplate":"https:\/\/terapia.promedica.elk.pl\/?s={search_term_string}"},"query-input":{"@type":"PropertyValueSpecification","valueRequired":true,"valueName":"search_term_string"}}],"inLanguage":"pl-PL"},{"@type":"Organization","@id":"https:\/\/terapia.promedica.elk.pl\/#organization","name":"E\u0142ckie Centrum Psychoterapii i Psychiatrii","url":"https:\/\/terapia.promedica.elk.pl\/","logo":{"@type":"ImageObject","inLanguage":"pl-PL","@id":"https:\/\/terapia.promedica.elk.pl\/#\/schema\/logo\/image\/","url":"https:\/\/terapia.promedica.elk.pl\/wp-content\/uploads\/2021\/04\/cropped-cropped-logo_pro_nfz.jpg","contentUrl":"https:\/\/terapia.promedica.elk.pl\/wp-content\/uploads\/2021\/04\/cropped-cropped-logo_pro_nfz.jpg","width":374,"height":108,"caption":"E\u0142ckie Centrum Psychoterapii i Psychiatrii"},"image":{"@id":"https:\/\/terapia.promedica.elk.pl\/#\/schema\/logo\/image\/"}}]}},"_links":{"self":[{"href":"https:\/\/terapia.promedica.elk.pl\/index.php?rest_route=\/wp\/v2\/pages\/36","targetHints":{"allow":["GET"]}}],"collection":[{"href":"https:\/\/terapia.promedica.elk.pl\/index.php?rest_route=\/wp\/v2\/pages"}],"about":[{"href":"https:\/\/terapia.promedica.elk.pl\/index.php?rest_route=\/wp\/v2\/types\/page"}],"author":[{"embeddable":true,"href":"https:\/\/terapia.promedica.elk.pl\/index.php?rest_route=\/wp\/v2\/users\/1"}],"replies":[{"embeddable":true,"href":"https:\/\/terapia.promedica.elk.pl\/index.php?rest_route=%2Fwp%2Fv2%2Fcomments&post=36"}],"version-history":[{"count":11,"href":"https:\/\/terapia.promedica.elk.pl\/index.php?rest_route=\/wp\/v2\/pages\/36\/revisions"}],"predecessor-version":[{"id":380,"href":"https:\/\/terapia.promedica.elk.pl\/index.php?rest_route=\/wp\/v2\/pages\/36\/revisions\/380"}],"wp:attachment":[{"href":"https:\/\/terapia.promedica.elk.pl\/index.php?rest_route=%2Fwp%2Fv2%2Fmedia&parent=36"}],"curies":[{"name":"wp","href":"https:\/\/api.w.org\/{rel}","templated":true}]}}