{"id":287,"date":"2022-06-21T07:19:43","date_gmt":"2022-06-21T05:19:43","guid":{"rendered":"https:\/\/terapia.promedica.elk.pl\/?page_id=287"},"modified":"2025-07-22T14:56:48","modified_gmt":"2025-07-22T12:56:48","slug":"konferencja-poswiecona-zdrowiu-psychicznemu-dzieci-i-mlodziezy","status":"publish","type":"page","link":"https:\/\/terapia.promedica.elk.pl\/?page_id=287","title":{"rendered":"Konferencja o zdrowiu psychicznym dzieci i m\u0142odzie\u017cy"},"content":{"rendered":"\n<p><\/p>\n\n\n\n<p class=\"has-text-align-left\">W dniu 25.05.2022 r. w E\u0142ckim Centrum Kultury odby\u0142a si\u0119 konferencja po\u015bwi\u0119cona zdrowiu psychicznemu dzieci i m\u0142odzie\u017cy zorganizowana przez specjalist\u00f3w E\u0142ckiego Centrum Psychoterapii i Psychiatrii \u201ePro-Medica\u201d w E\u0142ku Sp. z o.o. oraz Fundacj\u0119 Human Lex Instytuty. Patronat honorowy nad konferencj\u0105 obj\u0105\u0142 Prezydent Miasta E\u0142ku Pan Tomasz Andrukiewicz. W konferencji wzi\u0119\u0142o udzia\u0142 ponad 200 go\u015bci. Pojawili si\u0119 dyrektorzy szk\u00f3\u0142, nauczyciele, wychowawcy, pracownicy socjalni, a\u00a0tak\u017ce przedstawiciele w\u0142adz samorz\u0105dowych i s\u0142u\u017cb mundurowych. Nie zabrak\u0142o rodzic\u00f3w oraz wszystkich tych, kt\u00f3rzy czuj\u0105 obowi\u0105zek wychowania dorastaj\u0105cych ch\u0142opc\u00f3w i dziewczynek.<\/p>\n\n\n\n<p>Tematy konferencji dotyczy\u0142y aktualnych problem\u00f3w. Prelegenci m\u00f3wili o depresji, rozwoju seksualnym, zachowaniach autodestrukcyjnych. Mo\u017cna by\u0142o porozmawia\u0107 ze specjalistami psychoterapii, psychologami i terapeutami \u015brodowiskowymi, kt\u00f3rzy pomagaj\u0105 dzieciom w&nbsp;rozwi\u0105zywaniu problem\u00f3w w ich lokalnym \u015brodowisku. Liczny udzia\u0142 s\u0142uchaczy \u015bwiadczy o&nbsp;g\u0142odzie wiedzy w tym zakresie.<\/p>\n\n\n\n<p>Tre\u015bci przedstawione przez wyk\u0142adowc\u00f3w potwierdzi\u0142y, \u017ce rozmowa z wyposa\u017conym w&nbsp;rzeteln\u0105 wiedz\u0119 specjalist\u0105 poszukuj\u0105cym do\u015bwiadcze\u0144 i konkret\u00f3w ze \u015brodowiska, psychiatr\u0105, psychologami, terapeutami i psychoterapeutami jest najskuteczniejsz\u0105 drog\u0105 do rozwi\u0105zywania problem\u00f3w.<\/p>\n\n\n\n<p>Dzi\u0119kujemy wszystkim za uczestnictwo, a w szczeg\u00f3lno\u015bci:<\/p>\n\n\n\n<ol class=\"wp-block-list\">\n<li>Panu Tomaszowi Andrukiewiczowi \u2013 Prezydentowi Miasta E\u0142ku<\/li>\n\n\n\n<li>Pani Katarzynie Do\u015bla-Szcze\u015bniak \u2013 Dyrektorowi Wydzia\u0142u Zdrowia Warmi\u0144sko-Mazurskiego Urz\u0119du Wojew\u00f3dzkiego reprezentuj\u0105cej Wojewod\u0119 Warmi\u0144sko-Mazurskiego<\/li>\n\n\n\n<li>Panu Markowi Chojnowskiemu \u2013 Staro\u015bcie E\u0142ckiemu<\/li>\n\n\n\n<li>Pani Dorocie \u0141aci\u0144skiej \u2013 Kierownikowi Delegatury Narodowego Funduszu Zdrowia Oddzia\u0142 w E\u0142ku<\/li>\n\n\n\n<li>Pani Annie Brdys \u2013 Dyrektorowi Powiatowego Centrum Pomocy w Rodzinie w E\u0142ku<\/li>\n\n\n\n<li>Pani Anecie Ruszczyk \u2013 Dyrektorowi Miejskiego O\u015brodka Pomocy Spo\u0142ecznej w E\u0142ku<\/li>\n\n\n\n<li>Pani Irenie Katarzynie Podleckiej \u2013 Naczelnikowi Wydzia\u0142u Polityki Spo\u0142ecznej Urz\u0119du Miasta E\u0142ku<\/li>\n<\/ol>\n\n\n\n<p>a tak\u017ce<\/p>\n\n\n\n<p>Pani Anecie Werla \u2013 Dyrektorowi E\u0142ckiego Centrum Kultury \u2013 dzi\u0119ki kt\u00f3rej konferencja odby\u0142a si\u0119 w E\u0142ku.<\/p>\n\n\n\n<figure class=\"wp-block-gallery has-nested-images columns-default is-cropped wp-block-gallery-1 is-layout-flex wp-block-gallery-is-layout-flex\">\n<figure class=\"wp-block-image size-full\"><img loading=\"lazy\" decoding=\"async\" width=\"572\" height=\"800\" data-id=\"297\" src=\"https:\/\/terapia.promedica.elk.pl\/wp-content\/uploads\/2022\/06\/1-1.jpg\" alt=\"\" class=\"wp-image-297\" srcset=\"https:\/\/terapia.promedica.elk.pl\/wp-content\/uploads\/2022\/06\/1-1.jpg 572w, https:\/\/terapia.promedica.elk.pl\/wp-content\/uploads\/2022\/06\/1-1-215x300.jpg 215w\" sizes=\"auto, (max-width: 572px) 100vw, 572px\" \/><\/figure>\n\n\n\n<figure class=\"wp-block-image size-full\"><img loading=\"lazy\" decoding=\"async\" width=\"1024\" height=\"731\" data-id=\"300\" src=\"https:\/\/terapia.promedica.elk.pl\/wp-content\/uploads\/2022\/06\/3.1-1024x731.jpg\" alt=\"\" class=\"wp-image-300\" srcset=\"https:\/\/terapia.promedica.elk.pl\/wp-content\/uploads\/2022\/06\/3.1-1024x731.jpg 1024w, https:\/\/terapia.promedica.elk.pl\/wp-content\/uploads\/2022\/06\/3.1-300x214.jpg 300w, https:\/\/terapia.promedica.elk.pl\/wp-content\/uploads\/2022\/06\/3.1-768x549.jpg 768w, https:\/\/terapia.promedica.elk.pl\/wp-content\/uploads\/2022\/06\/3.1.jpg 1120w\" sizes=\"auto, (max-width: 1024px) 100vw, 1024px\" \/><\/figure>\n\n\n\n<figure class=\"wp-block-image size-full\"><img loading=\"lazy\" decoding=\"async\" width=\"1024\" height=\"731\" data-id=\"296\" src=\"https:\/\/terapia.promedica.elk.pl\/wp-content\/uploads\/2022\/06\/3.2-1024x731.jpg\" alt=\"\" class=\"wp-image-296\" srcset=\"https:\/\/terapia.promedica.elk.pl\/wp-content\/uploads\/2022\/06\/3.2-1024x731.jpg 1024w, https:\/\/terapia.promedica.elk.pl\/wp-content\/uploads\/2022\/06\/3.2-300x214.jpg 300w, https:\/\/terapia.promedica.elk.pl\/wp-content\/uploads\/2022\/06\/3.2-768x549.jpg 768w, https:\/\/terapia.promedica.elk.pl\/wp-content\/uploads\/2022\/06\/3.2.jpg 1120w\" sizes=\"auto, (max-width: 1024px) 100vw, 1024px\" \/><\/figure>\n\n\n\n<figure class=\"wp-block-image size-full\"><img loading=\"lazy\" decoding=\"async\" width=\"571\" height=\"800\" data-id=\"299\" src=\"https:\/\/terapia.promedica.elk.pl\/wp-content\/uploads\/2022\/06\/3.jpg\" alt=\"\" class=\"wp-image-299\" srcset=\"https:\/\/terapia.promedica.elk.pl\/wp-content\/uploads\/2022\/06\/3.jpg 571w, https:\/\/terapia.promedica.elk.pl\/wp-content\/uploads\/2022\/06\/3-214x300.jpg 214w\" sizes=\"auto, (max-width: 571px) 100vw, 571px\" \/><\/figure>\n\n\n\n<figure class=\"wp-block-image size-full\"><img loading=\"lazy\" decoding=\"async\" width=\"571\" height=\"800\" data-id=\"301\" src=\"https:\/\/terapia.promedica.elk.pl\/wp-content\/uploads\/2022\/06\/5.jpg\" alt=\"\" class=\"wp-image-301\" srcset=\"https:\/\/terapia.promedica.elk.pl\/wp-content\/uploads\/2022\/06\/5.jpg 571w, https:\/\/terapia.promedica.elk.pl\/wp-content\/uploads\/2022\/06\/5-214x300.jpg 214w\" sizes=\"auto, (max-width: 571px) 100vw, 571px\" \/><\/figure>\n\n\n\n<figure class=\"wp-block-image size-full\"><img loading=\"lazy\" decoding=\"async\" width=\"571\" height=\"800\" data-id=\"302\" src=\"https:\/\/terapia.promedica.elk.pl\/wp-content\/uploads\/2022\/06\/6-1.jpg\" alt=\"\" class=\"wp-image-302\" srcset=\"https:\/\/terapia.promedica.elk.pl\/wp-content\/uploads\/2022\/06\/6-1.jpg 571w, https:\/\/terapia.promedica.elk.pl\/wp-content\/uploads\/2022\/06\/6-1-214x300.jpg 214w\" sizes=\"auto, (max-width: 571px) 100vw, 571px\" \/><\/figure>\n\n\n\n<figure class=\"wp-block-image size-full\"><img loading=\"lazy\" decoding=\"async\" width=\"571\" height=\"800\" data-id=\"303\" src=\"https:\/\/terapia.promedica.elk.pl\/wp-content\/uploads\/2022\/06\/7-1.jpg\" alt=\"\" class=\"wp-image-303\" srcset=\"https:\/\/terapia.promedica.elk.pl\/wp-content\/uploads\/2022\/06\/7-1.jpg 571w, https:\/\/terapia.promedica.elk.pl\/wp-content\/uploads\/2022\/06\/7-1-214x300.jpg 214w\" sizes=\"auto, (max-width: 571px) 100vw, 571px\" \/><\/figure>\n\n\n\n<figure class=\"wp-block-image size-full\"><img loading=\"lazy\" decoding=\"async\" width=\"1024\" height=\"731\" data-id=\"304\" src=\"https:\/\/terapia.promedica.elk.pl\/wp-content\/uploads\/2022\/06\/8-1024x731.jpg\" alt=\"\" class=\"wp-image-304\" srcset=\"https:\/\/terapia.promedica.elk.pl\/wp-content\/uploads\/2022\/06\/8-1024x731.jpg 1024w, https:\/\/terapia.promedica.elk.pl\/wp-content\/uploads\/2022\/06\/8-300x214.jpg 300w, https:\/\/terapia.promedica.elk.pl\/wp-content\/uploads\/2022\/06\/8-768x548.jpg 768w, https:\/\/terapia.promedica.elk.pl\/wp-content\/uploads\/2022\/06\/8.jpg 1121w\" sizes=\"auto, (max-width: 1024px) 100vw, 1024px\" \/><\/figure>\n\n\n\n<figure class=\"wp-block-image size-full\"><img loading=\"lazy\" decoding=\"async\" width=\"1024\" height=\"731\" data-id=\"307\" src=\"https:\/\/terapia.promedica.elk.pl\/wp-content\/uploads\/2022\/06\/9-1024x731.jpg\" alt=\"\" class=\"wp-image-307\" srcset=\"https:\/\/terapia.promedica.elk.pl\/wp-content\/uploads\/2022\/06\/9-1024x731.jpg 1024w, https:\/\/terapia.promedica.elk.pl\/wp-content\/uploads\/2022\/06\/9-300x214.jpg 300w, https:\/\/terapia.promedica.elk.pl\/wp-content\/uploads\/2022\/06\/9-768x549.jpg 768w, https:\/\/terapia.promedica.elk.pl\/wp-content\/uploads\/2022\/06\/9.jpg 1120w\" sizes=\"auto, (max-width: 1024px) 100vw, 1024px\" \/><\/figure>\n\n\n\n<figure class=\"wp-block-image size-full\"><img loading=\"lazy\" decoding=\"async\" width=\"429\" height=\"800\" data-id=\"305\" src=\"https:\/\/terapia.promedica.elk.pl\/wp-content\/uploads\/2022\/06\/20220525_120858.jpg\" alt=\"\" class=\"wp-image-305\" srcset=\"https:\/\/terapia.promedica.elk.pl\/wp-content\/uploads\/2022\/06\/20220525_120858.jpg 429w, https:\/\/terapia.promedica.elk.pl\/wp-content\/uploads\/2022\/06\/20220525_120858-161x300.jpg 161w\" sizes=\"auto, (max-width: 429px) 100vw, 429px\" \/><\/figure>\n\n\n\n<figure class=\"wp-block-image size-full\"><img loading=\"lazy\" decoding=\"async\" width=\"511\" height=\"800\" data-id=\"309\" src=\"https:\/\/terapia.promedica.elk.pl\/wp-content\/uploads\/2022\/06\/20220525_122156.jpg\" alt=\"\" class=\"wp-image-309\" srcset=\"https:\/\/terapia.promedica.elk.pl\/wp-content\/uploads\/2022\/06\/20220525_122156.jpg 511w, https:\/\/terapia.promedica.elk.pl\/wp-content\/uploads\/2022\/06\/20220525_122156-192x300.jpg 192w\" sizes=\"auto, (max-width: 511px) 100vw, 511px\" \/><\/figure>\n\n\n\n<figure class=\"wp-block-image size-full\"><img loading=\"lazy\" decoding=\"async\" width=\"512\" height=\"800\" data-id=\"310\" src=\"https:\/\/terapia.promedica.elk.pl\/wp-content\/uploads\/2022\/06\/20220525_131410.jpg\" alt=\"\" class=\"wp-image-310\" srcset=\"https:\/\/terapia.promedica.elk.pl\/wp-content\/uploads\/2022\/06\/20220525_131410.jpg 512w, https:\/\/terapia.promedica.elk.pl\/wp-content\/uploads\/2022\/06\/20220525_131410-192x300.jpg 192w\" sizes=\"auto, (max-width: 512px) 100vw, 512px\" \/><\/figure>\n<\/figure>\n","protected":false},"excerpt":{"rendered":"<p>W dniu 25.05.2022 r. w E\u0142ckim Centrum Kultury odby\u0142a si\u0119 konferencja po\u015bwi\u0119cona zdrowiu psychicznemu dzieci i m\u0142odzie\u017cy zorganizowana przez specjalist\u00f3w E\u0142ckiego Centrum Psychoterapii i Psychiatrii \u201ePro-Medica\u201d w E\u0142ku Sp. z o.o. oraz Fundacj\u0119 Human Lex Instytuty. Patronat honorowy nad konferencj\u0105 obj\u0105\u0142 Prezydent Miasta E\u0142ku Pan Tomasz Andrukiewicz. W konferencji wzi\u0119\u0142o udzia\u0142 ponad 200 go\u015bci. Pojawili&hellip;<\/p>\n<p class=\"more-link\"><a href=\"https:\/\/terapia.promedica.elk.pl\/?page_id=287\" class=\"themebutton2\">Read More<\/a><\/p>\n","protected":false},"author":1,"featured_media":0,"parent":0,"menu_order":0,"comment_status":"closed","ping_status":"closed","template":"","meta":{"footnotes":""},"class_list":["post-287","page","type-page","status-publish","hentry"],"yoast_head":"<!-- This site is optimized with the Yoast SEO plugin v26.9 - https:\/\/yoast.com\/product\/yoast-seo-wordpress\/ -->\n<title>Konferencja o zdrowiu psychicznym dzieci i m\u0142odzie\u017cy - E\u0142ckie Centrum Psychoterapii i Psychiatrii<\/title>\n<meta name=\"description\" content=\"Konferencja po\u015bwi\u0119cona zdrowiu psychicznemu dzieci i m\u0142odzie\u017cy\" \/>\n<meta name=\"robots\" content=\"index, follow, max-snippet:-1, max-image-preview:large, max-video-preview:-1\" \/>\n<link rel=\"canonical\" href=\"https:\/\/terapia.promedica.elk.pl\/?page_id=287\" \/>\n<meta property=\"og:locale\" content=\"pl_PL\" \/>\n<meta property=\"og:type\" content=\"article\" \/>\n<meta property=\"og:title\" content=\"Konferencja o zdrowiu psychicznym dzieci i m\u0142odzie\u017cy - E\u0142ckie Centrum Psychoterapii i Psychiatrii\" \/>\n<meta property=\"og:description\" content=\"Konferencja po\u015bwi\u0119cona zdrowiu psychicznemu dzieci i m\u0142odzie\u017cy\" \/>\n<meta property=\"og:url\" content=\"https:\/\/terapia.promedica.elk.pl\/?page_id=287\" \/>\n<meta property=\"og:site_name\" content=\"E\u0142ckie Centrum Psychoterapii i Psychiatrii\" \/>\n<meta property=\"article:modified_time\" content=\"2025-07-22T12:56:48+00:00\" \/>\n<meta property=\"og:image\" content=\"https:\/\/terapia.promedica.elk.pl\/wp-content\/uploads\/2022\/06\/1-1.jpg\" \/>\n\t<meta property=\"og:image:width\" content=\"572\" \/>\n\t<meta property=\"og:image:height\" content=\"800\" \/>\n\t<meta property=\"og:image:type\" content=\"image\/jpeg\" \/>\n<meta name=\"twitter:card\" content=\"summary_large_image\" \/>\n<meta name=\"twitter:label1\" content=\"Szacowany czas czytania\" \/>\n\t<meta name=\"twitter:data1\" content=\"4 minuty\" \/>\n<script type=\"application\/ld+json\" class=\"yoast-schema-graph\">{\"@context\":\"https:\/\/schema.org\",\"@graph\":[{\"@type\":\"WebPage\",\"@id\":\"https:\/\/terapia.promedica.elk.pl\/?page_id=287\",\"url\":\"https:\/\/terapia.promedica.elk.pl\/?page_id=287\",\"name\":\"Konferencja o zdrowiu psychicznym dzieci i m\u0142odzie\u017cy - E\u0142ckie Centrum Psychoterapii i Psychiatrii\",\"isPartOf\":{\"@id\":\"https:\/\/terapia.promedica.elk.pl\/#website\"},\"primaryImageOfPage\":{\"@id\":\"https:\/\/terapia.promedica.elk.pl\/?page_id=287#primaryimage\"},\"image\":{\"@id\":\"https:\/\/terapia.promedica.elk.pl\/?page_id=287#primaryimage\"},\"thumbnailUrl\":\"https:\/\/terapia.promedica.elk.pl\/wp-content\/uploads\/2022\/06\/1-1.jpg\",\"datePublished\":\"2022-06-21T05:19:43+00:00\",\"dateModified\":\"2025-07-22T12:56:48+00:00\",\"description\":\"Konferencja po\u015bwi\u0119cona zdrowiu psychicznemu dzieci i m\u0142odzie\u017cy\",\"breadcrumb\":{\"@id\":\"https:\/\/terapia.promedica.elk.pl\/?page_id=287#breadcrumb\"},\"inLanguage\":\"pl-PL\",\"potentialAction\":[{\"@type\":\"ReadAction\",\"target\":[\"https:\/\/terapia.promedica.elk.pl\/?page_id=287\"]}]},{\"@type\":\"ImageObject\",\"inLanguage\":\"pl-PL\",\"@id\":\"https:\/\/terapia.promedica.elk.pl\/?page_id=287#primaryimage\",\"url\":\"https:\/\/terapia.promedica.elk.pl\/wp-content\/uploads\/2022\/06\/1-1.jpg\",\"contentUrl\":\"https:\/\/terapia.promedica.elk.pl\/wp-content\/uploads\/2022\/06\/1-1.jpg\",\"width\":572,\"height\":800},{\"@type\":\"BreadcrumbList\",\"@id\":\"https:\/\/terapia.promedica.elk.pl\/?page_id=287#breadcrumb\",\"itemListElement\":[{\"@type\":\"ListItem\",\"position\":1,\"name\":\"Strona g\u0142\u00f3wna\",\"item\":\"https:\/\/terapia.promedica.elk.pl\/\"},{\"@type\":\"ListItem\",\"position\":2,\"name\":\"Konferencja o zdrowiu psychicznym dzieci i m\u0142odzie\u017cy\"}]},{\"@type\":\"WebSite\",\"@id\":\"https:\/\/terapia.promedica.elk.pl\/#website\",\"url\":\"https:\/\/terapia.promedica.elk.pl\/\",\"name\":\"E\u0142ckie Centrum Psychoterapii i Psychiatrii\",\"description\":\"Poradnia psychologiczna dla dzieci i m\u0142odzie\u017cy E\u0142k\",\"publisher\":{\"@id\":\"https:\/\/terapia.promedica.elk.pl\/#organization\"},\"potentialAction\":[{\"@type\":\"SearchAction\",\"target\":{\"@type\":\"EntryPoint\",\"urlTemplate\":\"https:\/\/terapia.promedica.elk.pl\/?s={search_term_string}\"},\"query-input\":{\"@type\":\"PropertyValueSpecification\",\"valueRequired\":true,\"valueName\":\"search_term_string\"}}],\"inLanguage\":\"pl-PL\"},{\"@type\":\"Organization\",\"@id\":\"https:\/\/terapia.promedica.elk.pl\/#organization\",\"name\":\"E\u0142ckie Centrum Psychoterapii i Psychiatrii\",\"url\":\"https:\/\/terapia.promedica.elk.pl\/\",\"logo\":{\"@type\":\"ImageObject\",\"inLanguage\":\"pl-PL\",\"@id\":\"https:\/\/terapia.promedica.elk.pl\/#\/schema\/logo\/image\/\",\"url\":\"https:\/\/terapia.promedica.elk.pl\/wp-content\/uploads\/2021\/04\/cropped-cropped-logo_pro_nfz.jpg\",\"contentUrl\":\"https:\/\/terapia.promedica.elk.pl\/wp-content\/uploads\/2021\/04\/cropped-cropped-logo_pro_nfz.jpg\",\"width\":374,\"height\":108,\"caption\":\"E\u0142ckie Centrum Psychoterapii i Psychiatrii\"},\"image\":{\"@id\":\"https:\/\/terapia.promedica.elk.pl\/#\/schema\/logo\/image\/\"}}]}<\/script>\n<!-- \/ Yoast SEO plugin. -->","yoast_head_json":{"title":"Konferencja o zdrowiu psychicznym dzieci i m\u0142odzie\u017cy - E\u0142ckie Centrum Psychoterapii i Psychiatrii","description":"Konferencja po\u015bwi\u0119cona zdrowiu psychicznemu dzieci i m\u0142odzie\u017cy","robots":{"index":"index","follow":"follow","max-snippet":"max-snippet:-1","max-image-preview":"max-image-preview:large","max-video-preview":"max-video-preview:-1"},"canonical":"https:\/\/terapia.promedica.elk.pl\/?page_id=287","og_locale":"pl_PL","og_type":"article","og_title":"Konferencja o zdrowiu psychicznym dzieci i m\u0142odzie\u017cy - E\u0142ckie Centrum Psychoterapii i Psychiatrii","og_description":"Konferencja po\u015bwi\u0119cona zdrowiu psychicznemu dzieci i m\u0142odzie\u017cy","og_url":"https:\/\/terapia.promedica.elk.pl\/?page_id=287","og_site_name":"E\u0142ckie Centrum Psychoterapii i Psychiatrii","article_modified_time":"2025-07-22T12:56:48+00:00","og_image":[{"width":572,"height":800,"url":"https:\/\/terapia.promedica.elk.pl\/wp-content\/uploads\/2022\/06\/1-1.jpg","type":"image\/jpeg"}],"twitter_card":"summary_large_image","twitter_misc":{"Szacowany czas czytania":"4 minuty"},"schema":{"@context":"https:\/\/schema.org","@graph":[{"@type":"WebPage","@id":"https:\/\/terapia.promedica.elk.pl\/?page_id=287","url":"https:\/\/terapia.promedica.elk.pl\/?page_id=287","name":"Konferencja o zdrowiu psychicznym dzieci i m\u0142odzie\u017cy - E\u0142ckie Centrum Psychoterapii i Psychiatrii","isPartOf":{"@id":"https:\/\/terapia.promedica.elk.pl\/#website"},"primaryImageOfPage":{"@id":"https:\/\/terapia.promedica.elk.pl\/?page_id=287#primaryimage"},"image":{"@id":"https:\/\/terapia.promedica.elk.pl\/?page_id=287#primaryimage"},"thumbnailUrl":"https:\/\/terapia.promedica.elk.pl\/wp-content\/uploads\/2022\/06\/1-1.jpg","datePublished":"2022-06-21T05:19:43+00:00","dateModified":"2025-07-22T12:56:48+00:00","description":"Konferencja po\u015bwi\u0119cona zdrowiu psychicznemu dzieci i m\u0142odzie\u017cy","breadcrumb":{"@id":"https:\/\/terapia.promedica.elk.pl\/?page_id=287#breadcrumb"},"inLanguage":"pl-PL","potentialAction":[{"@type":"ReadAction","target":["https:\/\/terapia.promedica.elk.pl\/?page_id=287"]}]},{"@type":"ImageObject","inLanguage":"pl-PL","@id":"https:\/\/terapia.promedica.elk.pl\/?page_id=287#primaryimage","url":"https:\/\/terapia.promedica.elk.pl\/wp-content\/uploads\/2022\/06\/1-1.jpg","contentUrl":"https:\/\/terapia.promedica.elk.pl\/wp-content\/uploads\/2022\/06\/1-1.jpg","width":572,"height":800},{"@type":"BreadcrumbList","@id":"https:\/\/terapia.promedica.elk.pl\/?page_id=287#breadcrumb","itemListElement":[{"@type":"ListItem","position":1,"name":"Strona g\u0142\u00f3wna","item":"https:\/\/terapia.promedica.elk.pl\/"},{"@type":"ListItem","position":2,"name":"Konferencja o zdrowiu psychicznym dzieci i m\u0142odzie\u017cy"}]},{"@type":"WebSite","@id":"https:\/\/terapia.promedica.elk.pl\/#website","url":"https:\/\/terapia.promedica.elk.pl\/","name":"E\u0142ckie Centrum Psychoterapii i Psychiatrii","description":"Poradnia psychologiczna dla dzieci i m\u0142odzie\u017cy E\u0142k","publisher":{"@id":"https:\/\/terapia.promedica.elk.pl\/#organization"},"potentialAction":[{"@type":"SearchAction","target":{"@type":"EntryPoint","urlTemplate":"https:\/\/terapia.promedica.elk.pl\/?s={search_term_string}"},"query-input":{"@type":"PropertyValueSpecification","valueRequired":true,"valueName":"search_term_string"}}],"inLanguage":"pl-PL"},{"@type":"Organization","@id":"https:\/\/terapia.promedica.elk.pl\/#organization","name":"E\u0142ckie Centrum Psychoterapii i Psychiatrii","url":"https:\/\/terapia.promedica.elk.pl\/","logo":{"@type":"ImageObject","inLanguage":"pl-PL","@id":"https:\/\/terapia.promedica.elk.pl\/#\/schema\/logo\/image\/","url":"https:\/\/terapia.promedica.elk.pl\/wp-content\/uploads\/2021\/04\/cropped-cropped-logo_pro_nfz.jpg","contentUrl":"https:\/\/terapia.promedica.elk.pl\/wp-content\/uploads\/2021\/04\/cropped-cropped-logo_pro_nfz.jpg","width":374,"height":108,"caption":"E\u0142ckie Centrum Psychoterapii i Psychiatrii"},"image":{"@id":"https:\/\/terapia.promedica.elk.pl\/#\/schema\/logo\/image\/"}}]}},"_links":{"self":[{"href":"https:\/\/terapia.promedica.elk.pl\/index.php?rest_route=\/wp\/v2\/pages\/287","targetHints":{"allow":["GET"]}}],"collection":[{"href":"https:\/\/terapia.promedica.elk.pl\/index.php?rest_route=\/wp\/v2\/pages"}],"about":[{"href":"https:\/\/terapia.promedica.elk.pl\/index.php?rest_route=\/wp\/v2\/types\/page"}],"author":[{"embeddable":true,"href":"https:\/\/terapia.promedica.elk.pl\/index.php?rest_route=\/wp\/v2\/users\/1"}],"replies":[{"embeddable":true,"href":"https:\/\/terapia.promedica.elk.pl\/index.php?rest_route=%2Fwp%2Fv2%2Fcomments&post=287"}],"version-history":[{"count":11,"href":"https:\/\/terapia.promedica.elk.pl\/index.php?rest_route=\/wp\/v2\/pages\/287\/revisions"}],"predecessor-version":[{"id":381,"href":"https:\/\/terapia.promedica.elk.pl\/index.php?rest_route=\/wp\/v2\/pages\/287\/revisions\/381"}],"wp:attachment":[{"href":"https:\/\/terapia.promedica.elk.pl\/index.php?rest_route=%2Fwp%2Fv2%2Fmedia&parent=287"}],"curies":[{"name":"wp","href":"https:\/\/api.w.org\/{rel}","templated":true}]}}