{"id":251,"date":"2021-04-29T12:06:08","date_gmt":"2021-04-29T10:06:08","guid":{"rendered":"https:\/\/terapia.promedica.elk.pl\/?page_id=251"},"modified":"2021-04-29T12:41:28","modified_gmt":"2021-04-29T10:41:28","slug":"informacja-o-ciasteczkach","status":"publish","type":"page","link":"https:\/\/terapia.promedica.elk.pl\/?page_id=251","title":{"rendered":"Informacja o plikach cookies"},"content":{"rendered":"\n<h2 class=\"wp-block-heading\"><a href=\"http:\/\/www.promedica.elk.com.pl\/index.php?option=com_content&amp;view=article&amp;id=94:informacja-o-ciasteczkach&amp;catid=114:informacje-o-ciasteczkach&amp;Itemid=546\">Informacja o cookies<\/a><\/h2>\n\n\n\n<ol class=\"wp-block-list\"><li>Serwis nie zbiera w spos\u00f3b automatyczny \u017cadnych informacji, z wyj\u0105tkiem informacji zawartych w plikach cookies.<\/li><li>Pliki cookies (tzw. \u201eciasteczka\u201d) stanowi\u0105 dane informatyczne, w szczeg\u00f3lno\u015bci pliki tekstowe, kt\u00f3re przechowywane s\u0105 w urz\u0105dzeniu ko\u0144cowym U\u017cytkownika Serwisu i przeznaczone s\u0105 do korzystania ze stron internetowych Serwisu. Cookies zazwyczaj zawieraj\u0105 nazw\u0119 strony internetowej, z kt\u00f3rej pochodz\u0105, czas przechowywania ich na urz\u0105dzeniu ko\u0144cowym oraz unikalny numer.<\/li><li>Podmiotem zamieszczaj\u0105cym na urz\u0105dzeniu ko\u0144cowym U\u017cytkownika Serwisu pliki cookies oraz uzyskuj\u0105cym do nich dost\u0119p jest operator Serwisu &#8222;Pro-Medica&#8221; w E\u0142ku Sp z o. o. 19-300 E\u0142k, ul. Baranki 24<\/li><li>Pliki cookies wykorzystywane s\u0105 w celu:<\/li><\/ol>\n\n\n\n<ul class=\"wp-block-list\"><li>a) dostosowania zawarto\u015bci stron internetowych Serwisu do preferencji U\u017cytkownika oraz optymalizacji korzystania ze stron internetowych; w szczeg\u00f3lno\u015bci pliki te pozwalaj\u0105 rozpozna\u0107 urz\u0105dzenie U\u017cytkownika Serwisu i odpowiednio wy\u015bwietli\u0107 stron\u0119 internetow\u0105, dostosowan\u0105 do jego indywidualnych potrzeb;<\/li><li>b) tworzenia statystyk, kt\u00f3re pomagaj\u0105 zrozumie\u0107, w jaki spos\u00f3b U\u017cytkownicy Serwisu korzystaj\u0105 ze stron internetowych, co umo\u017cliwia ulepszanie ich struktury i zawarto\u015bci;<\/li><li>c) utrzymanie sesji U\u017cytkownika Serwisu (po zalogowaniu), dzi\u0119ki kt\u00f3rej U\u017cytkownik nie musi na ka\u017cdej podstronie Serwisu ponownie wpisywa\u0107 loginu i has\u0142a;<\/li><\/ul>\n\n\n\n<ol class=\"wp-block-list\" start=\"5\"><li>W ramach Serwisu stosowane s\u0105 dwa zasadnicze rodzaje plik\u00f3w cookies: \u201esesyjne\u201d &nbsp;(<em>session cookies<\/em>) oraz \u201esta\u0142e\u201d (<em>persistent cookies<\/em>). Cookies \u201esesyjne\u201d s\u0105 plikami tymczasowymi, kt\u00f3re przechowywane s\u0105 w urz\u0105dzeniu ko\u0144cowym U\u017cytkownika do czasu wylogowania, opuszczenia strony internetowej lub wy\u0142\u0105czenia oprogramowania (przegl\u0105darki internetowej). \u201eSta\u0142e\u201d pliki cookies przechowywane s\u0105 w urz\u0105dzeniu ko\u0144cowym U\u017cytkownika przez czas okre\u015blony w parametrach plik\u00f3w cookies lub do czasu ich usuni\u0119cia przez U\u017cytkownika.<\/li><li>W ramach Serwisu stosowane s\u0105 nast\u0119puj\u0105ce rodzaje plik\u00f3w cookies:<\/li><\/ol>\n\n\n\n<ul class=\"wp-block-list\"><li>a) \u201eniezb\u0119dne\u201d pliki cookies, umo\u017cliwiaj\u0105ce korzystanie z us\u0142ug dost\u0119pnych w ramach Serwisu, np. uwierzytelniaj\u0105ce pliki cookies wykorzystywane do us\u0142ug wymagaj\u0105cych uwierzytelniania w ramach Serwisu;<\/li><li>b) pliki cookies s\u0142u\u017c\u0105ce do zapewnienia bezpiecze\u0144stwa, np. wykorzystywane do wykrywania nadu\u017cy\u0107 w zakresie uwierzytelniania w ramach Serwisu;<\/li><li>c) \u201ewydajno\u015bciowe\u201d pliki cookies, umo\u017cliwiaj\u0105ce zbieranie informacji o sposobie korzystania ze stron internetowych Serwisu;<\/li><li>d) \u201efunkcjonalne\u201d pliki cookies, umo\u017cliwiaj\u0105ce \u201ezapami\u0119tanie\u201d wybranych przez U\u017cytkownika ustawie\u0144 i personalizacj\u0119 interfejsu U\u017cytkownika, np. w zakresie wybranego j\u0119zyka lub regionu, z kt\u00f3rego pochodzi U\u017cytkownik, rozmiaru czcionki, wygl\u0105du strony internetowej itp.;<\/li><li>e) \u201ereklamowe\u201d pliki cookies, umo\u017cliwiaj\u0105ce dostarczanie U\u017cytkownikom tre\u015bci reklamowych bardziej dostosowanych do ich zainteresowa\u0144.<\/li><\/ul>\n\n\n\n<ol class=\"wp-block-list\" start=\"7\"><li>W wielu przypadkach oprogramowanie s\u0142u\u017c\u0105ce do przegl\u0105dania stron internetowych (przegl\u0105darka internetowa) domy\u015blnie dopuszcza przechowywanie plik\u00f3w cookies w urz\u0105dzeniu ko\u0144cowym U\u017cytkownika. U\u017cytkownicy Serwisu mog\u0105 dokona\u0107 w ka\u017cdym czasie zmiany ustawie\u0144 dotycz\u0105cych plik\u00f3w cookies. Ustawienia te mog\u0105 zosta\u0107 zmienione w szczeg\u00f3lno\u015bci w taki spos\u00f3b, aby blokowa\u0107 automatyczn\u0105 obs\u0142ug\u0119 plik\u00f3w cookies w ustawieniach przegl\u0105darki internetowej b\u0105d\u017a informowa\u0107 o ich ka\u017cdorazowym zamieszczeniu w urz\u0105dzeniu U\u017cytkownika Serwisu. Szczeg\u00f3\u0142owe informacje o mo\u017cliwo\u015bci i sposobach obs\u0142ugi plik\u00f3w cookies dost\u0119pne s\u0105 w ustawieniach oprogramowania (przegl\u0105darki internetowej).<\/li><li>Operator Serwisu informuje, \u017ce ograniczenia stosowania plik\u00f3w cookies mog\u0105 wp\u0142yn\u0105\u0107 na niekt\u00f3re funkcjonalno\u015bci dost\u0119pne na stronach internetowych Serwisu.<\/li><li>Pliki cookies zamieszczane w urz\u0105dzeniu ko\u0144cowym U\u017cytkownika Serwisu i wykorzystywane mog\u0105 by\u0107 r\u00f3wnie\u017c przez wsp\u00f3\u0142pracuj\u0105cych z operatorem Serwisu reklamodawc\u00f3w oraz partner\u00f3w.<\/li><li>Wi\u0119cej informacji na temat plik\u00f3w cookies dost\u0119pnych jest pod adresem&nbsp;<a href=\"http:\/\/wszystkoociasteczkach.pl\/\" target=\"_blank\" rel=\"noreferrer noopener\">http:\/\/wszystkoociasteczkach.pl\/<\/a>&nbsp;oraz&nbsp;<a href=\"http:\/\/pl.wikipedia.org\/wiki\/HTTP_cookie\" target=\"_blank\" rel=\"noreferrer noopener\">http:\/\/pl.wikipedia.org\/wiki\/HTTP_cookie<\/a>&nbsp;lub w sekcji \u201ePomoc\u201d w menu przegl\u0105darki internetowej.<\/li><\/ol>\n","protected":false},"excerpt":{"rendered":"<p>Informacja o cookies Serwis nie zbiera w spos\u00f3b automatyczny \u017cadnych informacji, z wyj\u0105tkiem informacji zawartych w plikach cookies. Pliki cookies (tzw. \u201eciasteczka\u201d) stanowi\u0105 dane informatyczne, w szczeg\u00f3lno\u015bci pliki tekstowe, kt\u00f3re przechowywane s\u0105 w urz\u0105dzeniu ko\u0144cowym U\u017cytkownika Serwisu i przeznaczone s\u0105 do korzystania ze stron internetowych Serwisu. Cookies zazwyczaj zawieraj\u0105 nazw\u0119 strony internetowej, z kt\u00f3rej pochodz\u0105,&hellip;<\/p>\n<p class=\"more-link\"><a href=\"https:\/\/terapia.promedica.elk.pl\/?page_id=251\" class=\"themebutton2\">Read More<\/a><\/p>\n","protected":false},"author":1,"featured_media":0,"parent":0,"menu_order":0,"comment_status":"closed","ping_status":"closed","template":"","meta":{"footnotes":""},"class_list":["post-251","page","type-page","status-publish","hentry"],"yoast_head":"<!-- This site is optimized with the Yoast SEO plugin v27.4 - https:\/\/yoast.com\/product\/yoast-seo-wordpress\/ -->\n<title>Informacja o plikach cookies - E\u0142ckie Centrum Psychoterapii i Psychiatrii<\/title>\n<meta name=\"robots\" content=\"index, follow, max-snippet:-1, max-image-preview:large, max-video-preview:-1\" \/>\n<link rel=\"canonical\" href=\"https:\/\/terapia.promedica.elk.pl\/?page_id=251\" \/>\n<meta property=\"og:locale\" content=\"pl_PL\" \/>\n<meta property=\"og:type\" content=\"article\" \/>\n<meta property=\"og:title\" content=\"Informacja o plikach cookies - E\u0142ckie Centrum Psychoterapii i Psychiatrii\" \/>\n<meta property=\"og:description\" content=\"Informacja o cookies Serwis nie zbiera w spos\u00f3b automatyczny \u017cadnych informacji, z wyj\u0105tkiem informacji zawartych w plikach cookies. Pliki cookies (tzw. \u201eciasteczka\u201d) stanowi\u0105 dane informatyczne, w szczeg\u00f3lno\u015bci pliki tekstowe, kt\u00f3re przechowywane s\u0105 w urz\u0105dzeniu ko\u0144cowym U\u017cytkownika Serwisu i przeznaczone s\u0105 do korzystania ze stron internetowych Serwisu. Cookies zazwyczaj zawieraj\u0105 nazw\u0119 strony internetowej, z kt\u00f3rej pochodz\u0105,&hellip;Read More\" \/>\n<meta property=\"og:url\" content=\"https:\/\/terapia.promedica.elk.pl\/?page_id=251\" \/>\n<meta property=\"og:site_name\" content=\"E\u0142ckie Centrum Psychoterapii i Psychiatrii\" \/>\n<meta property=\"article:modified_time\" content=\"2021-04-29T10:41:28+00:00\" \/>\n<meta name=\"twitter:card\" content=\"summary_large_image\" \/>\n<meta name=\"twitter:label1\" content=\"Szacowany czas czytania\" \/>\n\t<meta name=\"twitter:data1\" content=\"3 minuty\" \/>\n<script type=\"application\/ld+json\" class=\"yoast-schema-graph\">{\"@context\":\"https:\\\/\\\/schema.org\",\"@graph\":[{\"@type\":\"WebPage\",\"@id\":\"https:\\\/\\\/terapia.promedica.elk.pl\\\/?page_id=251\",\"url\":\"https:\\\/\\\/terapia.promedica.elk.pl\\\/?page_id=251\",\"name\":\"Informacja o plikach cookies - E\u0142ckie Centrum Psychoterapii i Psychiatrii\",\"isPartOf\":{\"@id\":\"https:\\\/\\\/terapia.promedica.elk.pl\\\/#website\"},\"datePublished\":\"2021-04-29T10:06:08+00:00\",\"dateModified\":\"2021-04-29T10:41:28+00:00\",\"breadcrumb\":{\"@id\":\"https:\\\/\\\/terapia.promedica.elk.pl\\\/?page_id=251#breadcrumb\"},\"inLanguage\":\"pl-PL\",\"potentialAction\":[{\"@type\":\"ReadAction\",\"target\":[\"https:\\\/\\\/terapia.promedica.elk.pl\\\/?page_id=251\"]}]},{\"@type\":\"BreadcrumbList\",\"@id\":\"https:\\\/\\\/terapia.promedica.elk.pl\\\/?page_id=251#breadcrumb\",\"itemListElement\":[{\"@type\":\"ListItem\",\"position\":1,\"name\":\"Strona g\u0142\u00f3wna\",\"item\":\"https:\\\/\\\/terapia.promedica.elk.pl\\\/\"},{\"@type\":\"ListItem\",\"position\":2,\"name\":\"Informacja o plikach cookies\"}]},{\"@type\":\"WebSite\",\"@id\":\"https:\\\/\\\/terapia.promedica.elk.pl\\\/#website\",\"url\":\"https:\\\/\\\/terapia.promedica.elk.pl\\\/\",\"name\":\"E\u0142ckie Centrum Psychoterapii i Psychiatrii\",\"description\":\"Poradnia psychologiczna dla dzieci i m\u0142odzie\u017cy E\u0142k\",\"publisher\":{\"@id\":\"https:\\\/\\\/terapia.promedica.elk.pl\\\/#organization\"},\"potentialAction\":[{\"@type\":\"SearchAction\",\"target\":{\"@type\":\"EntryPoint\",\"urlTemplate\":\"https:\\\/\\\/terapia.promedica.elk.pl\\\/?s={search_term_string}\"},\"query-input\":{\"@type\":\"PropertyValueSpecification\",\"valueRequired\":true,\"valueName\":\"search_term_string\"}}],\"inLanguage\":\"pl-PL\"},{\"@type\":\"Organization\",\"@id\":\"https:\\\/\\\/terapia.promedica.elk.pl\\\/#organization\",\"name\":\"E\u0142ckie Centrum Psychoterapii i Psychiatrii\",\"url\":\"https:\\\/\\\/terapia.promedica.elk.pl\\\/\",\"logo\":{\"@type\":\"ImageObject\",\"inLanguage\":\"pl-PL\",\"@id\":\"https:\\\/\\\/terapia.promedica.elk.pl\\\/#\\\/schema\\\/logo\\\/image\\\/\",\"url\":\"https:\\\/\\\/terapia.promedica.elk.pl\\\/wp-content\\\/uploads\\\/2021\\\/04\\\/cropped-cropped-logo_pro_nfz.jpg\",\"contentUrl\":\"https:\\\/\\\/terapia.promedica.elk.pl\\\/wp-content\\\/uploads\\\/2021\\\/04\\\/cropped-cropped-logo_pro_nfz.jpg\",\"width\":374,\"height\":108,\"caption\":\"E\u0142ckie Centrum Psychoterapii i Psychiatrii\"},\"image\":{\"@id\":\"https:\\\/\\\/terapia.promedica.elk.pl\\\/#\\\/schema\\\/logo\\\/image\\\/\"}}]}<\/script>\n<!-- \/ Yoast SEO plugin. -->","yoast_head_json":{"title":"Informacja o plikach cookies - E\u0142ckie Centrum Psychoterapii i Psychiatrii","robots":{"index":"index","follow":"follow","max-snippet":"max-snippet:-1","max-image-preview":"max-image-preview:large","max-video-preview":"max-video-preview:-1"},"canonical":"https:\/\/terapia.promedica.elk.pl\/?page_id=251","og_locale":"pl_PL","og_type":"article","og_title":"Informacja o plikach cookies - E\u0142ckie Centrum Psychoterapii i Psychiatrii","og_description":"Informacja o cookies Serwis nie zbiera w spos\u00f3b automatyczny \u017cadnych informacji, z wyj\u0105tkiem informacji zawartych w plikach cookies. Pliki cookies (tzw. \u201eciasteczka\u201d) stanowi\u0105 dane informatyczne, w szczeg\u00f3lno\u015bci pliki tekstowe, kt\u00f3re przechowywane s\u0105 w urz\u0105dzeniu ko\u0144cowym U\u017cytkownika Serwisu i przeznaczone s\u0105 do korzystania ze stron internetowych Serwisu. Cookies zazwyczaj zawieraj\u0105 nazw\u0119 strony internetowej, z kt\u00f3rej pochodz\u0105,&hellip;Read More","og_url":"https:\/\/terapia.promedica.elk.pl\/?page_id=251","og_site_name":"E\u0142ckie Centrum Psychoterapii i Psychiatrii","article_modified_time":"2021-04-29T10:41:28+00:00","twitter_card":"summary_large_image","twitter_misc":{"Szacowany czas czytania":"3 minuty"},"schema":{"@context":"https:\/\/schema.org","@graph":[{"@type":"WebPage","@id":"https:\/\/terapia.promedica.elk.pl\/?page_id=251","url":"https:\/\/terapia.promedica.elk.pl\/?page_id=251","name":"Informacja o plikach cookies - E\u0142ckie Centrum Psychoterapii i Psychiatrii","isPartOf":{"@id":"https:\/\/terapia.promedica.elk.pl\/#website"},"datePublished":"2021-04-29T10:06:08+00:00","dateModified":"2021-04-29T10:41:28+00:00","breadcrumb":{"@id":"https:\/\/terapia.promedica.elk.pl\/?page_id=251#breadcrumb"},"inLanguage":"pl-PL","potentialAction":[{"@type":"ReadAction","target":["https:\/\/terapia.promedica.elk.pl\/?page_id=251"]}]},{"@type":"BreadcrumbList","@id":"https:\/\/terapia.promedica.elk.pl\/?page_id=251#breadcrumb","itemListElement":[{"@type":"ListItem","position":1,"name":"Strona g\u0142\u00f3wna","item":"https:\/\/terapia.promedica.elk.pl\/"},{"@type":"ListItem","position":2,"name":"Informacja o plikach cookies"}]},{"@type":"WebSite","@id":"https:\/\/terapia.promedica.elk.pl\/#website","url":"https:\/\/terapia.promedica.elk.pl\/","name":"E\u0142ckie Centrum Psychoterapii i Psychiatrii","description":"Poradnia psychologiczna dla dzieci i m\u0142odzie\u017cy E\u0142k","publisher":{"@id":"https:\/\/terapia.promedica.elk.pl\/#organization"},"potentialAction":[{"@type":"SearchAction","target":{"@type":"EntryPoint","urlTemplate":"https:\/\/terapia.promedica.elk.pl\/?s={search_term_string}"},"query-input":{"@type":"PropertyValueSpecification","valueRequired":true,"valueName":"search_term_string"}}],"inLanguage":"pl-PL"},{"@type":"Organization","@id":"https:\/\/terapia.promedica.elk.pl\/#organization","name":"E\u0142ckie Centrum Psychoterapii i Psychiatrii","url":"https:\/\/terapia.promedica.elk.pl\/","logo":{"@type":"ImageObject","inLanguage":"pl-PL","@id":"https:\/\/terapia.promedica.elk.pl\/#\/schema\/logo\/image\/","url":"https:\/\/terapia.promedica.elk.pl\/wp-content\/uploads\/2021\/04\/cropped-cropped-logo_pro_nfz.jpg","contentUrl":"https:\/\/terapia.promedica.elk.pl\/wp-content\/uploads\/2021\/04\/cropped-cropped-logo_pro_nfz.jpg","width":374,"height":108,"caption":"E\u0142ckie Centrum Psychoterapii i Psychiatrii"},"image":{"@id":"https:\/\/terapia.promedica.elk.pl\/#\/schema\/logo\/image\/"}}]}},"_links":{"self":[{"href":"https:\/\/terapia.promedica.elk.pl\/index.php?rest_route=\/wp\/v2\/pages\/251","targetHints":{"allow":["GET"]}}],"collection":[{"href":"https:\/\/terapia.promedica.elk.pl\/index.php?rest_route=\/wp\/v2\/pages"}],"about":[{"href":"https:\/\/terapia.promedica.elk.pl\/index.php?rest_route=\/wp\/v2\/types\/page"}],"author":[{"embeddable":true,"href":"https:\/\/terapia.promedica.elk.pl\/index.php?rest_route=\/wp\/v2\/users\/1"}],"replies":[{"embeddable":true,"href":"https:\/\/terapia.promedica.elk.pl\/index.php?rest_route=%2Fwp%2Fv2%2Fcomments&post=251"}],"version-history":[{"count":4,"href":"https:\/\/terapia.promedica.elk.pl\/index.php?rest_route=\/wp\/v2\/pages\/251\/revisions"}],"predecessor-version":[{"id":258,"href":"https:\/\/terapia.promedica.elk.pl\/index.php?rest_route=\/wp\/v2\/pages\/251\/revisions\/258"}],"wp:attachment":[{"href":"https:\/\/terapia.promedica.elk.pl\/index.php?rest_route=%2Fwp%2Fv2%2Fmedia&parent=251"}],"curies":[{"name":"wp","href":"https:\/\/api.w.org\/{rel}","templated":true}]}}