{"id":2,"date":"2021-04-16T10:04:11","date_gmt":"2021-04-16T08:04:11","guid":{"rendered":"http:\/\/terapia.promedica.elk.pl\/?page_id=2"},"modified":"2025-07-22T14:43:24","modified_gmt":"2025-07-22T12:43:24","slug":"witamy","status":"publish","type":"page","link":"https:\/\/terapia.promedica.elk.pl\/?page_id=2","title":{"rendered":"Informacje dla pacjent\u00f3w"},"content":{"rendered":"\n<p>Oferujemy bezp\u0142atn\u0105 i profesjonaln\u0105 pomoc psychologiczn\u0105 i psychoterapeutyczn\u0105 dla dzieci i m\u0142odzie\u017cy.<\/p>\n\n\n\n<p><strong>Tryb przyj\u0119cia:<\/strong><\/p>\n\n\n\n<ol class=\"wp-block-list\">\n<li>korzystanie ze wsparcia nie wymaga skierowania od lekarza<\/li>\n\n\n\n<li>ze \u015bwiadcze\u0144 zdrowotnych mo\u017cna korzysta\u0107 bezp\u0142atnie<\/li>\n\n\n\n<li>rejestracja telefoniczna pod numerem telefonu 667-030-201<\/li>\n\n\n\n<li>aby zg\u0142osi\u0107 dziecko na terapi\u0119 konieczne jest wype\u0142nienie poni\u017cszych zg\u00f3d i dostarczenie do rejestracji Przychodni Specjalistycznej \u201ePro-Medica\u201d w E\u0142ku przy ul. Konopnickiej 1 w E\u0142ku<\/li>\n<\/ol>\n\n\n\n<p>WA\u017bNE! Ka\u017cde dziecko, kt\u00f3re nie uko\u0144czy\u0142o 18 roku \u017cycia, na wizyt\u0119 obowi\u0105zkowo musi przyj\u015b\u0107 w towarzystwie rodzica lub opiekuna prawnego po uprzednim ustaleniu terminu spotkania<\/p>\n\n\n\n<p>Dokumenty do pobrania:<\/p>\n\n\n\n<ol class=\"wp-block-list\">\n<li><a href=\"https:\/\/terapia.promedica.elk.pl\/wp-content\/uploads\/2025\/07\/F-3162_02.odt\">ZGODA NA UZYSKANIE INFORMACJI NA TEMAT DOTYCZ\u0104CY STANU ZDROWIA DZIECKA<\/a><\/li>\n\n\n\n<li><a href=\"https:\/\/terapia.promedica.elk.pl\/wp-content\/uploads\/2025\/07\/F-3088_02.odt\">ZGODA NA OBJ\u0118CIE DZIECKA POMOC\u0104 PSYCHOLOGICZN\u0104 I PSYCHOTERAPEUTYCZN\u0104<\/a><\/li>\n<\/ol>\n\n\n\n<p><\/p>\n\n\n\n<p><\/p>\n\n\n<div class=\"wp-block-image\">\n<figure class=\"aligncenter size-large\"><img loading=\"lazy\" decoding=\"async\" width=\"626\" height=\"421\" src=\"https:\/\/terapia.promedica.elk.pl\/wp-content\/uploads\/2021\/04\/grafika12.jpg\" alt=\"\" class=\"wp-image-141\" srcset=\"https:\/\/terapia.promedica.elk.pl\/wp-content\/uploads\/2021\/04\/grafika12.jpg 626w, https:\/\/terapia.promedica.elk.pl\/wp-content\/uploads\/2021\/04\/grafika12-300x202.jpg 300w\" sizes=\"auto, (max-width: 626px) 100vw, 626px\" \/><\/figure>\n<\/div>","protected":false},"excerpt":{"rendered":"<p>Oferujemy bezp\u0142atn\u0105 i profesjonaln\u0105 pomoc psychologiczn\u0105 i psychoterapeutyczn\u0105 dla dzieci i m\u0142odzie\u017cy. Tryb przyj\u0119cia: WA\u017bNE! Ka\u017cde dziecko, kt\u00f3re nie uko\u0144czy\u0142o 18 roku \u017cycia, na wizyt\u0119 obowi\u0105zkowo musi przyj\u015b\u0107 w towarzystwie rodzica lub opiekuna prawnego po uprzednim ustaleniu terminu spotkania Dokumenty do pobrania:<\/p>\n","protected":false},"author":1,"featured_media":0,"parent":0,"menu_order":0,"comment_status":"closed","ping_status":"closed","template":"","meta":{"footnotes":""},"class_list":["post-2","page","type-page","status-publish","hentry"],"yoast_head":"<!-- This site is optimized with the Yoast SEO plugin v27.4 - https:\/\/yoast.com\/product\/yoast-seo-wordpress\/ -->\n<title>Informacje dla pacjent\u00f3w - E\u0142ckie Centrum Psychoterapii i Psychiatrii<\/title>\n<meta name=\"robots\" content=\"index, follow, max-snippet:-1, max-image-preview:large, max-video-preview:-1\" \/>\n<link rel=\"canonical\" href=\"https:\/\/terapia.promedica.elk.pl\/?page_id=2\" \/>\n<meta property=\"og:locale\" content=\"pl_PL\" \/>\n<meta property=\"og:type\" content=\"article\" \/>\n<meta property=\"og:title\" content=\"Informacje dla pacjent\u00f3w - E\u0142ckie Centrum Psychoterapii i Psychiatrii\" \/>\n<meta property=\"og:description\" content=\"Oferujemy bezp\u0142atn\u0105 i profesjonaln\u0105 pomoc psychologiczn\u0105 i psychoterapeutyczn\u0105 dla dzieci i m\u0142odzie\u017cy. Tryb przyj\u0119cia: WA\u017bNE! Ka\u017cde dziecko, kt\u00f3re nie uko\u0144czy\u0142o 18 roku \u017cycia, na wizyt\u0119 obowi\u0105zkowo musi przyj\u015b\u0107 w towarzystwie rodzica lub opiekuna prawnego po uprzednim ustaleniu terminu spotkania Dokumenty do pobrania:\" \/>\n<meta property=\"og:url\" content=\"https:\/\/terapia.promedica.elk.pl\/?page_id=2\" \/>\n<meta property=\"og:site_name\" content=\"E\u0142ckie Centrum Psychoterapii i Psychiatrii\" \/>\n<meta property=\"article:modified_time\" content=\"2025-07-22T12:43:24+00:00\" \/>\n<meta property=\"og:image\" content=\"https:\/\/terapia.promedica.elk.pl\/wp-content\/uploads\/2021\/04\/grafika12.jpg\" \/>\n\t<meta property=\"og:image:width\" content=\"626\" \/>\n\t<meta property=\"og:image:height\" content=\"421\" \/>\n\t<meta property=\"og:image:type\" content=\"image\/jpeg\" \/>\n<meta name=\"twitter:card\" content=\"summary_large_image\" \/>\n<meta name=\"twitter:label1\" content=\"Szacowany czas czytania\" \/>\n\t<meta name=\"twitter:data1\" content=\"1 minuta\" \/>\n<script type=\"application\/ld+json\" class=\"yoast-schema-graph\">{\"@context\":\"https:\\\/\\\/schema.org\",\"@graph\":[{\"@type\":\"WebPage\",\"@id\":\"https:\\\/\\\/terapia.promedica.elk.pl\\\/?page_id=2\",\"url\":\"https:\\\/\\\/terapia.promedica.elk.pl\\\/?page_id=2\",\"name\":\"Informacje dla pacjent\u00f3w - E\u0142ckie Centrum Psychoterapii i Psychiatrii\",\"isPartOf\":{\"@id\":\"https:\\\/\\\/terapia.promedica.elk.pl\\\/#website\"},\"primaryImageOfPage\":{\"@id\":\"https:\\\/\\\/terapia.promedica.elk.pl\\\/?page_id=2#primaryimage\"},\"image\":{\"@id\":\"https:\\\/\\\/terapia.promedica.elk.pl\\\/?page_id=2#primaryimage\"},\"thumbnailUrl\":\"https:\\\/\\\/terapia.promedica.elk.pl\\\/wp-content\\\/uploads\\\/2021\\\/04\\\/grafika12.jpg\",\"datePublished\":\"2021-04-16T08:04:11+00:00\",\"dateModified\":\"2025-07-22T12:43:24+00:00\",\"breadcrumb\":{\"@id\":\"https:\\\/\\\/terapia.promedica.elk.pl\\\/?page_id=2#breadcrumb\"},\"inLanguage\":\"pl-PL\",\"potentialAction\":[{\"@type\":\"ReadAction\",\"target\":[\"https:\\\/\\\/terapia.promedica.elk.pl\\\/?page_id=2\"]}]},{\"@type\":\"ImageObject\",\"inLanguage\":\"pl-PL\",\"@id\":\"https:\\\/\\\/terapia.promedica.elk.pl\\\/?page_id=2#primaryimage\",\"url\":\"https:\\\/\\\/terapia.promedica.elk.pl\\\/wp-content\\\/uploads\\\/2021\\\/04\\\/grafika12.jpg\",\"contentUrl\":\"https:\\\/\\\/terapia.promedica.elk.pl\\\/wp-content\\\/uploads\\\/2021\\\/04\\\/grafika12.jpg\",\"width\":626,\"height\":421},{\"@type\":\"BreadcrumbList\",\"@id\":\"https:\\\/\\\/terapia.promedica.elk.pl\\\/?page_id=2#breadcrumb\",\"itemListElement\":[{\"@type\":\"ListItem\",\"position\":1,\"name\":\"Strona g\u0142\u00f3wna\",\"item\":\"https:\\\/\\\/terapia.promedica.elk.pl\\\/\"},{\"@type\":\"ListItem\",\"position\":2,\"name\":\"Informacje dla pacjent\u00f3w\"}]},{\"@type\":\"WebSite\",\"@id\":\"https:\\\/\\\/terapia.promedica.elk.pl\\\/#website\",\"url\":\"https:\\\/\\\/terapia.promedica.elk.pl\\\/\",\"name\":\"E\u0142ckie Centrum Psychoterapii i Psychiatrii\",\"description\":\"Poradnia psychologiczna dla dzieci i m\u0142odzie\u017cy E\u0142k\",\"publisher\":{\"@id\":\"https:\\\/\\\/terapia.promedica.elk.pl\\\/#organization\"},\"potentialAction\":[{\"@type\":\"SearchAction\",\"target\":{\"@type\":\"EntryPoint\",\"urlTemplate\":\"https:\\\/\\\/terapia.promedica.elk.pl\\\/?s={search_term_string}\"},\"query-input\":{\"@type\":\"PropertyValueSpecification\",\"valueRequired\":true,\"valueName\":\"search_term_string\"}}],\"inLanguage\":\"pl-PL\"},{\"@type\":\"Organization\",\"@id\":\"https:\\\/\\\/terapia.promedica.elk.pl\\\/#organization\",\"name\":\"E\u0142ckie Centrum Psychoterapii i Psychiatrii\",\"url\":\"https:\\\/\\\/terapia.promedica.elk.pl\\\/\",\"logo\":{\"@type\":\"ImageObject\",\"inLanguage\":\"pl-PL\",\"@id\":\"https:\\\/\\\/terapia.promedica.elk.pl\\\/#\\\/schema\\\/logo\\\/image\\\/\",\"url\":\"https:\\\/\\\/terapia.promedica.elk.pl\\\/wp-content\\\/uploads\\\/2021\\\/04\\\/cropped-cropped-logo_pro_nfz.jpg\",\"contentUrl\":\"https:\\\/\\\/terapia.promedica.elk.pl\\\/wp-content\\\/uploads\\\/2021\\\/04\\\/cropped-cropped-logo_pro_nfz.jpg\",\"width\":374,\"height\":108,\"caption\":\"E\u0142ckie Centrum Psychoterapii i Psychiatrii\"},\"image\":{\"@id\":\"https:\\\/\\\/terapia.promedica.elk.pl\\\/#\\\/schema\\\/logo\\\/image\\\/\"}}]}<\/script>\n<!-- \/ Yoast SEO plugin. -->","yoast_head_json":{"title":"Informacje dla pacjent\u00f3w - E\u0142ckie Centrum Psychoterapii i Psychiatrii","robots":{"index":"index","follow":"follow","max-snippet":"max-snippet:-1","max-image-preview":"max-image-preview:large","max-video-preview":"max-video-preview:-1"},"canonical":"https:\/\/terapia.promedica.elk.pl\/?page_id=2","og_locale":"pl_PL","og_type":"article","og_title":"Informacje dla pacjent\u00f3w - E\u0142ckie Centrum Psychoterapii i Psychiatrii","og_description":"Oferujemy bezp\u0142atn\u0105 i profesjonaln\u0105 pomoc psychologiczn\u0105 i psychoterapeutyczn\u0105 dla dzieci i m\u0142odzie\u017cy. Tryb przyj\u0119cia: WA\u017bNE! Ka\u017cde dziecko, kt\u00f3re nie uko\u0144czy\u0142o 18 roku \u017cycia, na wizyt\u0119 obowi\u0105zkowo musi przyj\u015b\u0107 w towarzystwie rodzica lub opiekuna prawnego po uprzednim ustaleniu terminu spotkania Dokumenty do pobrania:","og_url":"https:\/\/terapia.promedica.elk.pl\/?page_id=2","og_site_name":"E\u0142ckie Centrum Psychoterapii i Psychiatrii","article_modified_time":"2025-07-22T12:43:24+00:00","og_image":[{"width":626,"height":421,"url":"https:\/\/terapia.promedica.elk.pl\/wp-content\/uploads\/2021\/04\/grafika12.jpg","type":"image\/jpeg"}],"twitter_card":"summary_large_image","twitter_misc":{"Szacowany czas czytania":"1 minuta"},"schema":{"@context":"https:\/\/schema.org","@graph":[{"@type":"WebPage","@id":"https:\/\/terapia.promedica.elk.pl\/?page_id=2","url":"https:\/\/terapia.promedica.elk.pl\/?page_id=2","name":"Informacje dla pacjent\u00f3w - E\u0142ckie Centrum Psychoterapii i Psychiatrii","isPartOf":{"@id":"https:\/\/terapia.promedica.elk.pl\/#website"},"primaryImageOfPage":{"@id":"https:\/\/terapia.promedica.elk.pl\/?page_id=2#primaryimage"},"image":{"@id":"https:\/\/terapia.promedica.elk.pl\/?page_id=2#primaryimage"},"thumbnailUrl":"https:\/\/terapia.promedica.elk.pl\/wp-content\/uploads\/2021\/04\/grafika12.jpg","datePublished":"2021-04-16T08:04:11+00:00","dateModified":"2025-07-22T12:43:24+00:00","breadcrumb":{"@id":"https:\/\/terapia.promedica.elk.pl\/?page_id=2#breadcrumb"},"inLanguage":"pl-PL","potentialAction":[{"@type":"ReadAction","target":["https:\/\/terapia.promedica.elk.pl\/?page_id=2"]}]},{"@type":"ImageObject","inLanguage":"pl-PL","@id":"https:\/\/terapia.promedica.elk.pl\/?page_id=2#primaryimage","url":"https:\/\/terapia.promedica.elk.pl\/wp-content\/uploads\/2021\/04\/grafika12.jpg","contentUrl":"https:\/\/terapia.promedica.elk.pl\/wp-content\/uploads\/2021\/04\/grafika12.jpg","width":626,"height":421},{"@type":"BreadcrumbList","@id":"https:\/\/terapia.promedica.elk.pl\/?page_id=2#breadcrumb","itemListElement":[{"@type":"ListItem","position":1,"name":"Strona g\u0142\u00f3wna","item":"https:\/\/terapia.promedica.elk.pl\/"},{"@type":"ListItem","position":2,"name":"Informacje dla pacjent\u00f3w"}]},{"@type":"WebSite","@id":"https:\/\/terapia.promedica.elk.pl\/#website","url":"https:\/\/terapia.promedica.elk.pl\/","name":"E\u0142ckie Centrum Psychoterapii i Psychiatrii","description":"Poradnia psychologiczna dla dzieci i m\u0142odzie\u017cy E\u0142k","publisher":{"@id":"https:\/\/terapia.promedica.elk.pl\/#organization"},"potentialAction":[{"@type":"SearchAction","target":{"@type":"EntryPoint","urlTemplate":"https:\/\/terapia.promedica.elk.pl\/?s={search_term_string}"},"query-input":{"@type":"PropertyValueSpecification","valueRequired":true,"valueName":"search_term_string"}}],"inLanguage":"pl-PL"},{"@type":"Organization","@id":"https:\/\/terapia.promedica.elk.pl\/#organization","name":"E\u0142ckie Centrum Psychoterapii i Psychiatrii","url":"https:\/\/terapia.promedica.elk.pl\/","logo":{"@type":"ImageObject","inLanguage":"pl-PL","@id":"https:\/\/terapia.promedica.elk.pl\/#\/schema\/logo\/image\/","url":"https:\/\/terapia.promedica.elk.pl\/wp-content\/uploads\/2021\/04\/cropped-cropped-logo_pro_nfz.jpg","contentUrl":"https:\/\/terapia.promedica.elk.pl\/wp-content\/uploads\/2021\/04\/cropped-cropped-logo_pro_nfz.jpg","width":374,"height":108,"caption":"E\u0142ckie Centrum Psychoterapii i Psychiatrii"},"image":{"@id":"https:\/\/terapia.promedica.elk.pl\/#\/schema\/logo\/image\/"}}]}},"_links":{"self":[{"href":"https:\/\/terapia.promedica.elk.pl\/index.php?rest_route=\/wp\/v2\/pages\/2","targetHints":{"allow":["GET"]}}],"collection":[{"href":"https:\/\/terapia.promedica.elk.pl\/index.php?rest_route=\/wp\/v2\/pages"}],"about":[{"href":"https:\/\/terapia.promedica.elk.pl\/index.php?rest_route=\/wp\/v2\/types\/page"}],"author":[{"embeddable":true,"href":"https:\/\/terapia.promedica.elk.pl\/index.php?rest_route=\/wp\/v2\/users\/1"}],"replies":[{"embeddable":true,"href":"https:\/\/terapia.promedica.elk.pl\/index.php?rest_route=%2Fwp%2Fv2%2Fcomments&post=2"}],"version-history":[{"count":18,"href":"https:\/\/terapia.promedica.elk.pl\/index.php?rest_route=\/wp\/v2\/pages\/2\/revisions"}],"predecessor-version":[{"id":374,"href":"https:\/\/terapia.promedica.elk.pl\/index.php?rest_route=\/wp\/v2\/pages\/2\/revisions\/374"}],"wp:attachment":[{"href":"https:\/\/terapia.promedica.elk.pl\/index.php?rest_route=%2Fwp%2Fv2%2Fmedia&parent=2"}],"curies":[{"name":"wp","href":"https:\/\/api.w.org\/{rel}","templated":true}]}}