{"id":135,"date":"2021-04-22T08:37:57","date_gmt":"2021-04-22T06:37:57","guid":{"rendered":"https:\/\/terapia.promedica.elk.pl\/?page_id=135"},"modified":"2025-07-22T14:53:00","modified_gmt":"2025-07-22T12:53:00","slug":"opieka-psychologiczna-i-psychoterapeutyczna-dla-dzieci-i-mlodziezy-elk","status":"publish","type":"page","link":"https:\/\/terapia.promedica.elk.pl\/","title":{"rendered":"Witamy"},"content":{"rendered":"\n<p class=\"has-text-align-center\"><br><strong>E\u0142ckie Centrum Psychoterapii i Psychiatrii \u2013 I stopie\u0144 referencyjny<\/strong><\/p>\n\n\n\n<p class=\"has-text-align-center\">Przychodnia Specjalistyczna \u201ePro-Medica\u201d w E\u0142ku Sp. z o.o.<\/p>\n\n\n\n<p class=\"has-text-align-center\">19-300 E\u0142k, ul. Konopnickiej 1<\/p>\n\n\n\n<p class=\"has-text-align-center\">\u015aWIADCZENIA REALIZOWANE W RAMACH NFZ<\/p>\n\n\n\n<p class=\"has-text-align-center\">NIEODP\u0141ATNIE I BEZ SKIEROWANIA<\/p>\n\n\n\n<p class=\"has-text-align-center\">OSOBY ZAINTERESOWANE SKORZYSTANIEM ZE \u015aWIADCZE\u0143<\/p>\n\n\n\n<p class=\"has-text-align-center\">PROSZONE S\u0104 O KONTAKT TELEFONICZNY OD PONIEDZIA\u0141KU DO PI\u0104TKU W GODZ. 08:00 &#8211; 14.00 POD NUMEREM 667-030-201<\/p>\n\n\n<div class=\"wp-block-image\">\n<figure class=\"aligncenter size-large is-resized\"><img loading=\"lazy\" decoding=\"async\" width=\"624\" height=\"418\" src=\"https:\/\/terapia.promedica.elk.pl\/wp-content\/uploads\/2021\/04\/grafika14.jpg\" alt=\"\" class=\"wp-image-152\" style=\"width:547px;height:367px\" srcset=\"https:\/\/terapia.promedica.elk.pl\/wp-content\/uploads\/2021\/04\/grafika14.jpg 624w, https:\/\/terapia.promedica.elk.pl\/wp-content\/uploads\/2021\/04\/grafika14-300x201.jpg 300w\" sizes=\"auto, (max-width: 624px) 100vw, 624px\" \/><\/figure>\n<\/div>","protected":false},"excerpt":{"rendered":"<p>E\u0142ckie Centrum Psychoterapii i Psychiatrii \u2013 I stopie\u0144 referencyjny Przychodnia Specjalistyczna \u201ePro-Medica\u201d w E\u0142ku Sp. z o.o. 19-300 E\u0142k, ul. Konopnickiej 1 \u015aWIADCZENIA REALIZOWANE W RAMACH NFZ NIEODP\u0141ATNIE I BEZ SKIEROWANIA OSOBY ZAINTERESOWANE SKORZYSTANIEM ZE \u015aWIADCZE\u0143 PROSZONE S\u0104 O KONTAKT TELEFONICZNY OD PONIEDZIA\u0141KU DO PI\u0104TKU W GODZ. 08:00 &#8211; 14.00 POD NUMEREM 667-030-201<\/p>\n","protected":false},"author":1,"featured_media":0,"parent":0,"menu_order":0,"comment_status":"closed","ping_status":"closed","template":"","meta":{"footnotes":""},"class_list":["post-135","page","type-page","status-publish","hentry"],"yoast_head":"<!-- This site is optimized with the Yoast SEO plugin v27.4 - https:\/\/yoast.com\/product\/yoast-seo-wordpress\/ -->\n<title>Opieka Psychologiczna i Psychoterapeutyczna dla dzieci i m\u0142odzie\u017cy E\u0142k<\/title>\n<meta name=\"description\" content=\"Opieka Psychologiczna i Psychoterapeutyczna dla dzieci i m\u0142odzie\u017cy E\u0142k, O\u015brodek \u015arodowiskowej Opieki Psychologicznej i Psychoterapeutycznej\" \/>\n<meta name=\"robots\" content=\"index, follow, max-snippet:-1, max-image-preview:large, max-video-preview:-1\" \/>\n<link rel=\"canonical\" href=\"https:\/\/terapia.promedica.elk.pl\/\" \/>\n<meta property=\"og:locale\" content=\"pl_PL\" \/>\n<meta property=\"og:type\" content=\"article\" \/>\n<meta property=\"og:title\" content=\"Opieka Psychologiczna i Psychoterapeutyczna dla dzieci i m\u0142odzie\u017cy E\u0142k\" \/>\n<meta property=\"og:description\" content=\"Opieka Psychologiczna i Psychoterapeutyczna dla dzieci i m\u0142odzie\u017cy E\u0142k, O\u015brodek \u015arodowiskowej Opieki Psychologicznej i Psychoterapeutycznej\" \/>\n<meta property=\"og:url\" content=\"https:\/\/terapia.promedica.elk.pl\/\" \/>\n<meta property=\"og:site_name\" content=\"E\u0142ckie Centrum Psychoterapii i Psychiatrii\" \/>\n<meta property=\"article:modified_time\" content=\"2025-07-22T12:53:00+00:00\" \/>\n<meta property=\"og:image\" content=\"https:\/\/terapia.promedica.elk.pl\/wp-content\/uploads\/2021\/04\/grafika14.jpg\" \/>\n\t<meta property=\"og:image:width\" content=\"624\" \/>\n\t<meta property=\"og:image:height\" content=\"418\" \/>\n\t<meta property=\"og:image:type\" content=\"image\/jpeg\" \/>\n<meta name=\"twitter:card\" content=\"summary_large_image\" \/>\n<meta name=\"twitter:label1\" content=\"Szacowany czas czytania\" \/>\n\t<meta name=\"twitter:data1\" content=\"1 minuta\" \/>\n<script type=\"application\/ld+json\" class=\"yoast-schema-graph\">{\"@context\":\"https:\\\/\\\/schema.org\",\"@graph\":[{\"@type\":\"WebPage\",\"@id\":\"https:\\\/\\\/terapia.promedica.elk.pl\\\/\",\"url\":\"https:\\\/\\\/terapia.promedica.elk.pl\\\/\",\"name\":\"Opieka Psychologiczna i Psychoterapeutyczna dla dzieci i m\u0142odzie\u017cy E\u0142k\",\"isPartOf\":{\"@id\":\"https:\\\/\\\/terapia.promedica.elk.pl\\\/#website\"},\"primaryImageOfPage\":{\"@id\":\"https:\\\/\\\/terapia.promedica.elk.pl\\\/#primaryimage\"},\"image\":{\"@id\":\"https:\\\/\\\/terapia.promedica.elk.pl\\\/#primaryimage\"},\"thumbnailUrl\":\"https:\\\/\\\/terapia.promedica.elk.pl\\\/wp-content\\\/uploads\\\/2021\\\/04\\\/grafika14.jpg\",\"datePublished\":\"2021-04-22T06:37:57+00:00\",\"dateModified\":\"2025-07-22T12:53:00+00:00\",\"description\":\"Opieka Psychologiczna i Psychoterapeutyczna dla dzieci i m\u0142odzie\u017cy E\u0142k, O\u015brodek \u015arodowiskowej Opieki Psychologicznej i Psychoterapeutycznej\",\"breadcrumb\":{\"@id\":\"https:\\\/\\\/terapia.promedica.elk.pl\\\/#breadcrumb\"},\"inLanguage\":\"pl-PL\",\"potentialAction\":[{\"@type\":\"ReadAction\",\"target\":[\"https:\\\/\\\/terapia.promedica.elk.pl\\\/\"]}]},{\"@type\":\"ImageObject\",\"inLanguage\":\"pl-PL\",\"@id\":\"https:\\\/\\\/terapia.promedica.elk.pl\\\/#primaryimage\",\"url\":\"https:\\\/\\\/terapia.promedica.elk.pl\\\/wp-content\\\/uploads\\\/2021\\\/04\\\/grafika14.jpg\",\"contentUrl\":\"https:\\\/\\\/terapia.promedica.elk.pl\\\/wp-content\\\/uploads\\\/2021\\\/04\\\/grafika14.jpg\",\"width\":624,\"height\":418},{\"@type\":\"BreadcrumbList\",\"@id\":\"https:\\\/\\\/terapia.promedica.elk.pl\\\/#breadcrumb\",\"itemListElement\":[{\"@type\":\"ListItem\",\"position\":1,\"name\":\"Strona g\u0142\u00f3wna\",\"item\":\"https:\\\/\\\/terapia.promedica.elk.pl\\\/\"},{\"@type\":\"ListItem\",\"position\":2,\"name\":\"Witamy\"}]},{\"@type\":\"WebSite\",\"@id\":\"https:\\\/\\\/terapia.promedica.elk.pl\\\/#website\",\"url\":\"https:\\\/\\\/terapia.promedica.elk.pl\\\/\",\"name\":\"E\u0142ckie Centrum Psychoterapii i Psychiatrii\",\"description\":\"Poradnia psychologiczna dla dzieci i m\u0142odzie\u017cy E\u0142k\",\"publisher\":{\"@id\":\"https:\\\/\\\/terapia.promedica.elk.pl\\\/#organization\"},\"potentialAction\":[{\"@type\":\"SearchAction\",\"target\":{\"@type\":\"EntryPoint\",\"urlTemplate\":\"https:\\\/\\\/terapia.promedica.elk.pl\\\/?s={search_term_string}\"},\"query-input\":{\"@type\":\"PropertyValueSpecification\",\"valueRequired\":true,\"valueName\":\"search_term_string\"}}],\"inLanguage\":\"pl-PL\"},{\"@type\":\"Organization\",\"@id\":\"https:\\\/\\\/terapia.promedica.elk.pl\\\/#organization\",\"name\":\"E\u0142ckie Centrum Psychoterapii i Psychiatrii\",\"url\":\"https:\\\/\\\/terapia.promedica.elk.pl\\\/\",\"logo\":{\"@type\":\"ImageObject\",\"inLanguage\":\"pl-PL\",\"@id\":\"https:\\\/\\\/terapia.promedica.elk.pl\\\/#\\\/schema\\\/logo\\\/image\\\/\",\"url\":\"https:\\\/\\\/terapia.promedica.elk.pl\\\/wp-content\\\/uploads\\\/2021\\\/04\\\/cropped-cropped-logo_pro_nfz.jpg\",\"contentUrl\":\"https:\\\/\\\/terapia.promedica.elk.pl\\\/wp-content\\\/uploads\\\/2021\\\/04\\\/cropped-cropped-logo_pro_nfz.jpg\",\"width\":374,\"height\":108,\"caption\":\"E\u0142ckie Centrum Psychoterapii i Psychiatrii\"},\"image\":{\"@id\":\"https:\\\/\\\/terapia.promedica.elk.pl\\\/#\\\/schema\\\/logo\\\/image\\\/\"}}]}<\/script>\n<!-- \/ Yoast SEO plugin. -->","yoast_head_json":{"title":"Opieka Psychologiczna i Psychoterapeutyczna dla dzieci i m\u0142odzie\u017cy E\u0142k","description":"Opieka Psychologiczna i Psychoterapeutyczna dla dzieci i m\u0142odzie\u017cy E\u0142k, O\u015brodek \u015arodowiskowej Opieki Psychologicznej i Psychoterapeutycznej","robots":{"index":"index","follow":"follow","max-snippet":"max-snippet:-1","max-image-preview":"max-image-preview:large","max-video-preview":"max-video-preview:-1"},"canonical":"https:\/\/terapia.promedica.elk.pl\/","og_locale":"pl_PL","og_type":"article","og_title":"Opieka Psychologiczna i Psychoterapeutyczna dla dzieci i m\u0142odzie\u017cy E\u0142k","og_description":"Opieka Psychologiczna i Psychoterapeutyczna dla dzieci i m\u0142odzie\u017cy E\u0142k, O\u015brodek \u015arodowiskowej Opieki Psychologicznej i Psychoterapeutycznej","og_url":"https:\/\/terapia.promedica.elk.pl\/","og_site_name":"E\u0142ckie Centrum Psychoterapii i Psychiatrii","article_modified_time":"2025-07-22T12:53:00+00:00","og_image":[{"width":624,"height":418,"url":"https:\/\/terapia.promedica.elk.pl\/wp-content\/uploads\/2021\/04\/grafika14.jpg","type":"image\/jpeg"}],"twitter_card":"summary_large_image","twitter_misc":{"Szacowany czas czytania":"1 minuta"},"schema":{"@context":"https:\/\/schema.org","@graph":[{"@type":"WebPage","@id":"https:\/\/terapia.promedica.elk.pl\/","url":"https:\/\/terapia.promedica.elk.pl\/","name":"Opieka Psychologiczna i Psychoterapeutyczna dla dzieci i m\u0142odzie\u017cy E\u0142k","isPartOf":{"@id":"https:\/\/terapia.promedica.elk.pl\/#website"},"primaryImageOfPage":{"@id":"https:\/\/terapia.promedica.elk.pl\/#primaryimage"},"image":{"@id":"https:\/\/terapia.promedica.elk.pl\/#primaryimage"},"thumbnailUrl":"https:\/\/terapia.promedica.elk.pl\/wp-content\/uploads\/2021\/04\/grafika14.jpg","datePublished":"2021-04-22T06:37:57+00:00","dateModified":"2025-07-22T12:53:00+00:00","description":"Opieka Psychologiczna i Psychoterapeutyczna dla dzieci i m\u0142odzie\u017cy E\u0142k, O\u015brodek \u015arodowiskowej Opieki Psychologicznej i Psychoterapeutycznej","breadcrumb":{"@id":"https:\/\/terapia.promedica.elk.pl\/#breadcrumb"},"inLanguage":"pl-PL","potentialAction":[{"@type":"ReadAction","target":["https:\/\/terapia.promedica.elk.pl\/"]}]},{"@type":"ImageObject","inLanguage":"pl-PL","@id":"https:\/\/terapia.promedica.elk.pl\/#primaryimage","url":"https:\/\/terapia.promedica.elk.pl\/wp-content\/uploads\/2021\/04\/grafika14.jpg","contentUrl":"https:\/\/terapia.promedica.elk.pl\/wp-content\/uploads\/2021\/04\/grafika14.jpg","width":624,"height":418},{"@type":"BreadcrumbList","@id":"https:\/\/terapia.promedica.elk.pl\/#breadcrumb","itemListElement":[{"@type":"ListItem","position":1,"name":"Strona g\u0142\u00f3wna","item":"https:\/\/terapia.promedica.elk.pl\/"},{"@type":"ListItem","position":2,"name":"Witamy"}]},{"@type":"WebSite","@id":"https:\/\/terapia.promedica.elk.pl\/#website","url":"https:\/\/terapia.promedica.elk.pl\/","name":"E\u0142ckie Centrum Psychoterapii i Psychiatrii","description":"Poradnia psychologiczna dla dzieci i m\u0142odzie\u017cy E\u0142k","publisher":{"@id":"https:\/\/terapia.promedica.elk.pl\/#organization"},"potentialAction":[{"@type":"SearchAction","target":{"@type":"EntryPoint","urlTemplate":"https:\/\/terapia.promedica.elk.pl\/?s={search_term_string}"},"query-input":{"@type":"PropertyValueSpecification","valueRequired":true,"valueName":"search_term_string"}}],"inLanguage":"pl-PL"},{"@type":"Organization","@id":"https:\/\/terapia.promedica.elk.pl\/#organization","name":"E\u0142ckie Centrum Psychoterapii i Psychiatrii","url":"https:\/\/terapia.promedica.elk.pl\/","logo":{"@type":"ImageObject","inLanguage":"pl-PL","@id":"https:\/\/terapia.promedica.elk.pl\/#\/schema\/logo\/image\/","url":"https:\/\/terapia.promedica.elk.pl\/wp-content\/uploads\/2021\/04\/cropped-cropped-logo_pro_nfz.jpg","contentUrl":"https:\/\/terapia.promedica.elk.pl\/wp-content\/uploads\/2021\/04\/cropped-cropped-logo_pro_nfz.jpg","width":374,"height":108,"caption":"E\u0142ckie Centrum Psychoterapii i Psychiatrii"},"image":{"@id":"https:\/\/terapia.promedica.elk.pl\/#\/schema\/logo\/image\/"}}]}},"_links":{"self":[{"href":"https:\/\/terapia.promedica.elk.pl\/index.php?rest_route=\/wp\/v2\/pages\/135","targetHints":{"allow":["GET"]}}],"collection":[{"href":"https:\/\/terapia.promedica.elk.pl\/index.php?rest_route=\/wp\/v2\/pages"}],"about":[{"href":"https:\/\/terapia.promedica.elk.pl\/index.php?rest_route=\/wp\/v2\/types\/page"}],"author":[{"embeddable":true,"href":"https:\/\/terapia.promedica.elk.pl\/index.php?rest_route=\/wp\/v2\/users\/1"}],"replies":[{"embeddable":true,"href":"https:\/\/terapia.promedica.elk.pl\/index.php?rest_route=%2Fwp%2Fv2%2Fcomments&post=135"}],"version-history":[{"count":6,"href":"https:\/\/terapia.promedica.elk.pl\/index.php?rest_route=\/wp\/v2\/pages\/135\/revisions"}],"predecessor-version":[{"id":378,"href":"https:\/\/terapia.promedica.elk.pl\/index.php?rest_route=\/wp\/v2\/pages\/135\/revisions\/378"}],"wp:attachment":[{"href":"https:\/\/terapia.promedica.elk.pl\/index.php?rest_route=%2Fwp%2Fv2%2Fmedia&parent=135"}],"curies":[{"name":"wp","href":"https:\/\/api.w.org\/{rel}","templated":true}]}}